{"id":2845,"date":"2025-11-12T07:18:17","date_gmt":"2025-11-12T07:18:17","guid":{"rendered":"https:\/\/ankaekspres.com\/?page_id=2845"},"modified":"2025-12-08T19:36:23","modified_gmt":"2025-12-08T19:36:23","slug":"teklif-al","status":"publish","type":"page","link":"https:\/\/ankaekspres.com\/en\/teklif-al\/","title":{"rendered":"Teklif Al"},"content":{"rendered":"<div data-elementor-type=\"wp-page\" data-elementor-id=\"2845\" class=\"elementor elementor-2845\">\n\t\t\t\t<div class=\"elementor-element elementor-element-8111c6c e-flex e-con-boxed e-con e-parent\" data-id=\"8111c6c\" data-element_type=\"container\" data-e-type=\"container\">\n\t\t\t\t\t<div class=\"e-con-inner\">\n\t\t\t\t<div class=\"elementor-element elementor-element-5163f18 elementor-widget elementor-widget-fastrans_contact_us\" data-id=\"5163f18\" data-element_type=\"widget\" data-e-type=\"widget\" data-widget_type=\"fastrans_contact_us.default\">\n\t\t\t\t<div class=\"elementor-widget-container\">\n\t\t\t\t\t\t\n    <!-- Start of contact page section\n\t============================================= -->\n\t<section id=\"ft-contact-page\" class=\"ft-contact-page-section page-padding\">\n\t\t<div class=\"container\">\n\t\t\t<div class=\"ft-contact-page-content\">\n\t\t\t\t<div class=\"row\">\n\t\t\t\t\t<div class=\"col-lg-6\">\n\t\t\t\t\t\t<div class=\"ft-contact-page-text-wrapper\">\n\t\t\t\t\t\t\t                            <div class=\"ft-section-title-2 headline pera-content\">\n\t\t\t\t\t\t\t\t<span class=\"sub-title\">Teklif Al<\/span>\t\t\t\t\t\t\t\t<h2>H\u0131zl\u0131 d\u00f6n\u00fc\u015f i\u00e7in formu doldurabilirsiniz?<\/h2>\t\t\t\t\t\t\t<\/div>\n\t\t\t\t\t\t\t                            <div class=\"ft-contact-page-contact-info\">\n\t\t\t\t\t\t\t\t                                <div class=\"ft-contact-cta-items d-flex\">\n\t\t\t\t\t\t\t\t\t<div class=\"ft-contact-cta-icon d-flex align-items-center justify-content-center\">\n\t\t\t\t\t\t\t\t\t\t<i class=\"fal fa-phone\"><\/i>\n\t\t\t\t\t\t\t\t\t<\/div>\n\t\t\t\t\t\t\t\t\t<div class=\"ft-contact-cta-text headline pera-content\">\n\t\t\t\t\t\t\t\t\t\t<h3>Telefon<\/h3>\n\t\t\t\t\t\t\t\t\t\t0 541 846 85 45\t\t\t\t\t\t\t\t\t<\/div>\n\t\t\t\t\t\t\t\t<\/div>\n                                                                <div class=\"ft-contact-cta-items d-flex\">\n\t\t\t\t\t\t\t\t\t<div class=\"ft-contact-cta-icon d-flex align-items-center justify-content-center\">\n\t\t\t\t\t\t\t\t\t\t<i class=\"fal icon flaticon-email\"><\/i>\n\t\t\t\t\t\t\t\t\t<\/div>\n\t\t\t\t\t\t\t\t\t<div class=\"ft-contact-cta-text headline pera-content\">\n\t\t\t\t\t\t\t\t\t\t<h3>E-Posta<\/h3>\n\t\t\t\t\t\t\t\t\t\tinfo@ankaekspres.com.tr\t\t\t\t\t\t\t\t\t<\/div>\n\t\t\t\t\t\t\t\t<\/div>\n                                \t\t\t\t\t\t\t<\/div>\n\t\t\t\t\t\t<\/div>\n\t\t\t\t\t<\/div>\n\t\t\t\t\t<div class=\"col-lg-6\">\n\t\t\t\t\t\t<div class=\"ft-contact-page-form-wrapper headline\">\n\t\t\t\t\t\t\t<h3 class=\"text-center\">H\u0131zl\u0131 Teklif Formu<\/h3>                            \n<div class=\"wpcf7 no-js\" id=\"wpcf7-f2069-o1\" lang=\"en-US\" dir=\"ltr\" data-wpcf7-id=\"2069\">\n<div class=\"screen-reader-response\"><p role=\"status\" aria-live=\"polite\" aria-atomic=\"true\"><\/p> <ul><\/ul><\/div>\n<form action=\"\/en\/wp-json\/wp\/v2\/pages\/2845#wpcf7-f2069-o1\" method=\"post\" class=\"wpcf7-form init\" aria-label=\"Contact form\" novalidate=\"novalidate\" data-status=\"init\" data-trp-original-action=\"\/en\/wp-json\/wp\/v2\/pages\/2845#wpcf7-f2069-o1\">\n<fieldset class=\"hidden-fields-container\"><input type=\"hidden\" name=\"_wpcf7\" value=\"2069\" \/><input type=\"hidden\" name=\"_wpcf7_version\" value=\"6.1.4\" \/><input type=\"hidden\" name=\"_wpcf7_locale\" value=\"en_US\" \/><input type=\"hidden\" name=\"_wpcf7_unit_tag\" value=\"wpcf7-f2069-o1\" \/><input type=\"hidden\" name=\"_wpcf7_container_post\" value=\"0\" \/><input type=\"hidden\" name=\"_wpcf7_posted_data_hash\" value=\"\" \/>\n<\/fieldset>\n<div class=\"row\">\n <!-- Ad Soyad -->\n\t<div class=\"col-md-6\">\n\t\t<div class=\"tl-thx-contact-input\">\n\t\t\t<p><span class=\"wpcf7-form-control-wrap\" data-name=\"user-name\"><input size=\"40\" maxlength=\"400\" class=\"wpcf7-form-control wpcf7-text wpcf7-validates-as-required\" aria-required=\"true\" aria-invalid=\"false\" placeholder=\"Ad Soyad *\" value=\"\" type=\"text\" name=\"user-name\" \/><\/span>\n\t\t\t<\/p>\n\t\t<\/div>\n\t<\/div>\n\n <!-- Telefon -->\n\t<div class=\"col-md-6\">\n\t\t<div class=\"tl-thx-contact-input\">\n\t\t\t<p><span class=\"wpcf7-form-control-wrap\" data-name=\"user-phone\"><input size=\"40\" maxlength=\"400\" class=\"wpcf7-form-control wpcf7-tel wpcf7-validates-as-required wpcf7-text wpcf7-validates-as-tel\" aria-required=\"true\" aria-invalid=\"false\" placeholder=\"Telefon Numaras\u0131 *\" value=\"\" type=\"tel\" name=\"user-phone\" \/><\/span>\n\t\t\t<\/p>\n\t\t<\/div>\n\t<\/div>\n\n <!-- E-posta -->\n\t<div class=\"col-md-6\">\n\t\t<div class=\"tl-thx-contact-input\">\n\t\t\t<p><span class=\"wpcf7-form-control-wrap\" data-name=\"user-email\"><input size=\"40\" maxlength=\"400\" class=\"wpcf7-form-control wpcf7-email wpcf7-validates-as-required wpcf7-text wpcf7-validates-as-email\" aria-required=\"true\" aria-invalid=\"false\" placeholder=\"E-posta Adresi *\" value=\"\" type=\"email\" name=\"user-email\" \/><\/span>\n\t\t\t<\/p>\n\t\t<\/div>\n\t<\/div>\n\n <!-- Firma Ad\u0131 -->\n\t<div class=\"col-md-6\">\n\t\t<div class=\"tl-thx-contact-input\">\n\t\t\t<p><span class=\"wpcf7-form-control-wrap\" data-name=\"company-name\"><input size=\"40\" maxlength=\"400\" class=\"wpcf7-form-control wpcf7-text\" aria-invalid=\"false\" placeholder=\"Firma Ad\u0131 (varsa)\" value=\"\" type=\"text\" name=\"company-name\" \/><\/span>\n\t\t\t<\/p>\n\t\t<\/div>\n\t<\/div>\n\n <!-- Teslimat Tarihi -->\n\t<div class=\"col-md-6\">\n\t\t<div class=\"tl-thx-contact-input\">\n\t\t\t<p><span class=\"wpcf7-form-control-wrap\" data-name=\"shipping-date\"><input class=\"wpcf7-form-control wpcf7-date wpcf7-validates-as-required wpcf7-validates-as-date\" aria-required=\"true\" aria-invalid=\"false\" placeholder=\"Tahmini Teslimat Tarihi *\" value=\"\" type=\"date\" name=\"shipping-date\" \/><\/span>\n\t\t\t<\/p>\n\t\t<\/div>\n\t<\/div>\n\n <!-- Y\u00fck T\u00fcr\u00fc -->\n\t<div class=\"col-md-6\">\n\t\t<div class=\"tl-thx-contact-input\">\n\t\t\t<p><span class=\"wpcf7-form-control-wrap\" data-name=\"cargo-type\"><input size=\"40\" maxlength=\"400\" class=\"wpcf7-form-control wpcf7-text\" aria-invalid=\"false\" placeholder=\"Y\u00fck T\u00fcr\u00fc (\u00f6rnek: makine, ekipman, palet, vb.)\" value=\"\" type=\"text\" name=\"cargo-type\" \/><\/span>\n\t\t\t<\/p>\n\t\t<\/div>\n\t<\/div>\n\n <!-- Tahmini A\u011f\u0131rl\u0131k -->\n\t<div class=\"col-md-6\">\n\t\t<div class=\"tl-thx-contact-input\">\n\t\t\t<p><span class=\"wpcf7-form-control-wrap\" data-name=\"cargo-weight\"><input size=\"40\" maxlength=\"400\" class=\"wpcf7-form-control wpcf7-text\" aria-invalid=\"false\" placeholder=\"Tahmini A\u011f\u0131rl\u0131k (kg\/ton)\" value=\"\" type=\"text\" name=\"cargo-weight\" \/><\/span>\n\t\t\t<\/p>\n\t\t<\/div>\n\t<\/div>\n\n <!-- Y\u00fckleme \/ Bo\u015faltma Detay\u0131 -->\n\t<div class=\"col-md-12\">\n\t\t<p><span class=\"wpcf7-form-control-wrap\" data-name=\"shipment-details\"><textarea cols=\"40\" rows=\"10\" maxlength=\"2000\" class=\"wpcf7-form-control wpcf7-textarea wpcf7-validates-as-required\" aria-required=\"true\" aria-invalid=\"false\" placeholder=\"L\u00fctfen ta\u015f\u0131ma detaylar\u0131n\u0131 belirtin (adres, ebatlar, \u00f6zel gereksinimler vb.) *\" name=\"shipment-details\"><\/textarea><\/span>\n\t\t<\/p>\n\t<\/div>\n\n\n <!-- G\u00f6nder Butonu -->\n\t<div class=\"col-md-12 text-center mt-3\">\n\t\t<p><button type=\"submit\" class=\"btn btn-primary\">Teklif Al<\/button>\n\t\t<\/p>\n\t<\/div>\n<\/div><div class=\"wpcf7-response-output\" aria-hidden=\"true\"><\/div>\n<input type=\"hidden\" name=\"trp-form-language\" value=\"en\"\/><\/form>\n<\/div>\n\t\t\t\t\t\t<\/div>\n\t\t\t\t\t<\/div>\n\t\t\t\t<\/div>\n\t\t\t<\/div>\n\t\t<\/div>\n\t<\/section>\t\t\n\t<!-- End of contact page section\n\t============================================= -->\n\t\t\n    \t\t\t\t<\/div>\n\t\t\t\t<\/div>\n\t\t\t\t\t<\/div>\n\t\t\t\t<\/div>\n\t\t<div class=\"elementor-element elementor-element-6266c11 e-flex e-con-boxed e-con e-parent\" data-id=\"6266c11\" data-element_type=\"container\" data-e-type=\"container\">\n\t\t\t\t\t<div class=\"e-con-inner\">\n\t\t\t\t<div class=\"elementor-element elementor-element-d42542f elementor-widget elementor-widget-spacer\" data-id=\"d42542f\" data-element_type=\"widget\" data-e-type=\"widget\" data-widget_type=\"spacer.default\">\n\t\t\t\t\t\t\t<div class=\"elementor-spacer\">\n\t\t\t<div class=\"elementor-spacer-inner\"><\/div>\n\t\t<\/div>\n\t\t\t\t\t\t<\/div>\n\t\t\t\t\t<\/div>\n\t\t\t\t<\/div>\n\t\t\t\t<\/div>","protected":false},"excerpt":{"rendered":"<p>Teklif Al H\u0131zl\u0131 d\u00f6n\u00fc\u015f i\u00e7in formu doldurabilirsiniz? Telefon 0 541 846 85 45 E-Posta info@ankaekspres.com.tr H\u0131zl\u0131 Teklif Formu Teklif Al<\/p>","protected":false},"author":1,"featured_media":0,"parent":0,"menu_order":0,"comment_status":"closed","ping_status":"closed","template":"tpl-default-elementor.php","meta":{"om_disable_all_campaigns":false,"_monsterinsights_skip_tracking":false,"_monsterinsights_sitenote_active":false,"_monsterinsights_sitenote_note":"","_monsterinsights_sitenote_category":0,"footnotes":""},"class_list":["post-2845","page","type-page","status-publish","hentry"],"aioseo_notices":[],"_hostinger_reach_plugin_has_subscription_block":false,"_hostinger_reach_plugin_is_elementor":false,"_links":{"self":[{"href":"https:\/\/ankaekspres.com\/en\/wp-json\/wp\/v2\/pages\/2845","targetHints":{"allow":["GET"]}}],"collection":[{"href":"https:\/\/ankaekspres.com\/en\/wp-json\/wp\/v2\/pages"}],"about":[{"href":"https:\/\/ankaekspres.com\/en\/wp-json\/wp\/v2\/types\/page"}],"author":[{"embeddable":true,"href":"https:\/\/ankaekspres.com\/en\/wp-json\/wp\/v2\/users\/1"}],"replies":[{"embeddable":true,"href":"https:\/\/ankaekspres.com\/en\/wp-json\/wp\/v2\/comments?post=2845"}],"version-history":[{"count":8,"href":"https:\/\/ankaekspres.com\/en\/wp-json\/wp\/v2\/pages\/2845\/revisions"}],"predecessor-version":[{"id":3061,"href":"https:\/\/ankaekspres.com\/en\/wp-json\/wp\/v2\/pages\/2845\/revisions\/3061"}],"wp:attachment":[{"href":"https:\/\/ankaekspres.com\/en\/wp-json\/wp\/v2\/media?parent=2845"}],"curies":[{"name":"wp","href":"https:\/\/api.w.org\/{rel}","templated":true}]}}