{"id":2875,"date":"2025-11-20T16:16:38","date_gmt":"2025-11-20T16:16:38","guid":{"rendered":"https:\/\/ankaekspres.com\/?page_id=2875"},"modified":"2025-12-13T08:27:57","modified_gmt":"2025-12-13T08:27:57","slug":"misyonumuz","status":"publish","type":"page","link":"https:\/\/ankaekspres.com\/en\/misyonumuz\/","title":{"rendered":"Our Mission"},"content":{"rendered":"<div data-elementor-type=\"wp-page\" data-elementor-id=\"2875\" class=\"elementor elementor-2875\">\n\t\t\t\t<div class=\"elementor-element elementor-element-0b8aee3 e-flex e-con-boxed e-con e-parent\" data-id=\"0b8aee3\" data-element_type=\"container\" data-e-type=\"container\">\n\t\t\t\t\t<div class=\"e-con-inner\">\n\t\t\t\t<div class=\"elementor-element elementor-element-c89e2fa elementor-widget elementor-widget-home_11_about\" data-id=\"c89e2fa\" data-element_type=\"widget\" data-e-type=\"widget\" data-widget_type=\"home_11_about.default\">\n\t\t\t\t<div class=\"elementor-widget-container\">\n\t\t\t\t\t        <!-- About Section -->\r\n        <div class=\"ft12-about-section\">\r\n            <div class=\"auto-container custom-container-width\">\r\n                <!-- Sec Title -->\r\n                <div class=\"ft12-sec-title\">\r\n                    <div class=\"d-flex justify-content-between flex-wrap\">\r\n                        <div class=\"left-box\">\r\n                            <div class=\"title\">Anka Ekspres Ta\u015f\u0131mac\u0131l\u0131k<\/div>\r\n                            <h2>G\u00fcvenilir, H\u0131zl\u0131 ve S\u00fcrd\u00fcr\u00fclebilir <span> Lojistik Hizmet Anlay\u0131\u015f\u0131<\/span>\n\n<\/h2>\r\n                        <\/div>\r\n                        <div class=\"right-box\">\r\n                                                                                        <div class=\"text\">M\u00fc\u015fterilerimizin t\u00fcm lojistik ihtiya\u00e7lar\u0131n\u0131 en y\u00fcksek g\u00fcvenlik standartlar\u0131, kesintisiz operasyon y\u00f6netimi ve tam zaman\u0131nda teslimat ilkeleriyle kar\u015f\u0131lamay\u0131 misyon ediniyoruz. Profesyonel insan kayna\u011f\u0131m\u0131z, g\u00fc\u00e7l\u00fc filomuz ve modern lojistik altyap\u0131m\u0131zla y\u00fcr\u00fctt\u00fc\u011f\u00fcm\u00fcz t\u00fcm s\u00fcre\u00e7lerde; kaliteyi, h\u0131z\u0131 ve verimlili\u011fi esas alan kurumsal hizmet anlay\u0131\u015f\u0131m\u0131z\u0131 s\u00fcrd\u00fcr\u00fclebilir bir standart olarak konumland\u0131r\u0131yoruz. Amac\u0131m\u0131z; i\u015f ortaklar\u0131m\u0131za her ko\u015fulda g\u00fcven veren, istikrarl\u0131 ve uzun vadeli de\u011fer yaratan bir \u00e7\u00f6z\u00fcm orta\u011f\u0131 olmakt\u0131r.<\/div>\r\n                                                    <\/div>\r\n                    <\/div>\r\n                <\/div>\r\n                <div class=\"row clearfix\">\r\n\r\n                    <!-- Image Column -->\r\n                    <div class=\"image-column col-lg-6 col-md-12 col-sm-12\">\r\n                        <div class=\"inner-column\">\r\n                            <div class=\"image\">\r\n                                                                    <img decoding=\"async\" src=\"https:\/\/ankaekspres.com\/wp-content\/uploads\/2022\/04\/tst-shape.png\" alt=\"\" \/>\r\n                                                            <\/div>\r\n                        <\/div>\r\n                    <\/div>\r\n\r\n                    <!-- Content Column -->\r\n                    <div class=\"content-column col-lg-6 col-md-12 col-sm-12\">\r\n                        <div class=\"inner-column\">\r\n                            <div class=\"row clearfix\">\r\n\r\n                                <!-- Column -->\r\n                                <div class=\"column col-lg-6 col-md-6 col-sm-12\">\r\n                                    <ul class=\"check\">\r\n                                                                                    <li>G\u00fcvenilir \u00c7\u00f6z\u00fcmler<\/li>\r\n                                                                                    <li>M\u00fc\u015fteri Deneyimi<\/li>\r\n                                                                                    <li>S\u00fcrekli Verimlilik<\/li>\r\n                                                                                    <li>Kaliteli Hizmet<\/li>\r\n                                                                            <\/ul>\r\n                                <\/div>\r\n                                <!-- Column -->\r\n                                <div class=\"column col-lg-6 col-md-6 col-sm-12\">\r\n                                    <div class=\"ft12-experiance-box\">\r\n                                        <div class=\"box-inner\">\r\n                                                                                        <div class=\"count-outer count-box\">\r\n                                                <span class=\"count-text\" data-speed=\"3500\" data-stop=\"31\">0<\/span>+                                            <\/div>\r\n                                            <div class=\"experience-text\">\r\n\t\t\t\t\t\t\t\t\t\t\t\tY\u0131ll\u0131k<br>  B\u00fcy\u00fck Tecr\u00fcbe                                            <\/div>\r\n                                        <\/div>\r\n                                    <\/div>\r\n                                <\/div>\r\n\r\n                            <\/div>\r\n\r\n                                                            <!-- Signature Box -->\r\n                                <div class=\"signature-box\">\r\n                                    <div class=\"box-inner\">\r\n                                        <strong><\/strong><br>\r\n                                        <div class=\"designation\">\r\n\t\t\t\t\t\t\t\t\t\t\t                                        <\/div>\r\n                                        <span class=\"signature\">\r\n                                            <img decoding=\"async\" src=\"\" alt=\"\" \/>\r\n                                        <\/span>\r\n                                    <\/div>\r\n                                <\/div>\r\n                            \r\n                        <\/div>\r\n                    <\/div>\r\n\r\n                <\/div>\r\n            <\/div>\r\n        <\/div>\r\n        <!-- End About Section -->\r\n        \r\n\t\t\t\t\t<\/div>\n\t\t\t\t<\/div>\n\t\t\t\t\t<\/div>\n\t\t\t\t<\/div>\n\t\t\t\t<\/div>","protected":false},"excerpt":{"rendered":"<p>Anka Ekspres Ta\u015f\u0131mac\u0131l\u0131k G\u00fcvenilir, H\u0131zl\u0131 ve S\u00fcrd\u00fcr\u00fclebilir Lojistik Hizmet Anlay\u0131\u015f\u0131 M\u00fc\u015fterilerimizin t\u00fcm lojistik ihtiya\u00e7lar\u0131n\u0131 en y\u00fcksek g\u00fcvenlik standartlar\u0131, kesintisiz operasyon y\u00f6netimi ve tam zaman\u0131nda teslimat ilkeleriyle kar\u015f\u0131lamay\u0131 misyon ediniyoruz. Profesyonel insan kayna\u011f\u0131m\u0131z, g\u00fc\u00e7l\u00fc filomuz ve modern lojistik altyap\u0131m\u0131zla y\u00fcr\u00fctt\u00fc\u011f\u00fcm\u00fcz t\u00fcm s\u00fcre\u00e7lerde; kaliteyi, h\u0131z\u0131 ve verimlili\u011fi esas alan kurumsal hizmet anlay\u0131\u015f\u0131m\u0131z\u0131 s\u00fcrd\u00fcr\u00fclebilir bir standart olarak konumland\u0131r\u0131yoruz. [&hellip;]<\/p>","protected":false},"author":1,"featured_media":0,"parent":0,"menu_order":0,"comment_status":"closed","ping_status":"closed","template":"tpl-default-elementor.php","meta":{"om_disable_all_campaigns":false,"_monsterinsights_skip_tracking":false,"_monsterinsights_sitenote_active":false,"_monsterinsights_sitenote_note":"","_monsterinsights_sitenote_category":0,"footnotes":""},"class_list":["post-2875","page","type-page","status-publish","hentry"],"aioseo_notices":[],"_hostinger_reach_plugin_has_subscription_block":false,"_hostinger_reach_plugin_is_elementor":false,"_links":{"self":[{"href":"https:\/\/ankaekspres.com\/en\/wp-json\/wp\/v2\/pages\/2875","targetHints":{"allow":["GET"]}}],"collection":[{"href":"https:\/\/ankaekspres.com\/en\/wp-json\/wp\/v2\/pages"}],"about":[{"href":"https:\/\/ankaekspres.com\/en\/wp-json\/wp\/v2\/types\/page"}],"author":[{"embeddable":true,"href":"https:\/\/ankaekspres.com\/en\/wp-json\/wp\/v2\/users\/1"}],"replies":[{"embeddable":true,"href":"https:\/\/ankaekspres.com\/en\/wp-json\/wp\/v2\/comments?post=2875"}],"version-history":[{"count":7,"href":"https:\/\/ankaekspres.com\/en\/wp-json\/wp\/v2\/pages\/2875\/revisions"}],"predecessor-version":[{"id":3097,"href":"https:\/\/ankaekspres.com\/en\/wp-json\/wp\/v2\/pages\/2875\/revisions\/3097"}],"wp:attachment":[{"href":"https:\/\/ankaekspres.com\/en\/wp-json\/wp\/v2\/media?parent=2875"}],"curies":[{"name":"wp","href":"https:\/\/api.w.org\/{rel}","templated":true}]}}