{"id":2877,"date":"2025-11-20T16:17:39","date_gmt":"2025-11-20T16:17:39","guid":{"rendered":"https:\/\/ankaekspres.com\/?page_id=2877"},"modified":"2025-12-13T08:27:35","modified_gmt":"2025-12-13T08:27:35","slug":"vizyonumuz","status":"publish","type":"page","link":"https:\/\/ankaekspres.com\/en\/vizyonumuz\/","title":{"rendered":"Our Vision"},"content":{"rendered":"<div data-elementor-type=\"wp-page\" data-elementor-id=\"2877\" class=\"elementor elementor-2877\">\n\t\t\t\t<div class=\"elementor-element elementor-element-10fe460 e-flex e-con-boxed e-con e-parent\" data-id=\"10fe460\" data-element_type=\"container\" data-e-type=\"container\">\n\t\t\t\t\t<div class=\"e-con-inner\">\n\t\t\t\t\t<\/div>\n\t\t\t\t<\/div>\n\t\t<div class=\"elementor-element elementor-element-2f09aed e-flex e-con-boxed e-con e-parent\" data-id=\"2f09aed\" data-element_type=\"container\" data-e-type=\"container\">\n\t\t\t\t\t<div class=\"e-con-inner\">\n\t\t\t\t<div class=\"elementor-element elementor-element-7963f77 elementor-widget elementor-widget-home_11_about\" data-id=\"7963f77\" data-element_type=\"widget\" data-e-type=\"widget\" data-widget_type=\"home_11_about.default\">\n\t\t\t\t<div class=\"elementor-widget-container\">\n\t\t\t\t\t        <!-- About Section -->\r\n        <div class=\"ft12-about-section\">\r\n            <div class=\"auto-container custom-container-width\">\r\n                <!-- Sec Title -->\r\n                <div class=\"ft12-sec-title\">\r\n                    <div class=\"d-flex justify-content-between flex-wrap\">\r\n                        <div class=\"left-box\">\r\n                            <div class=\"title\">Anka Ekspres Ta\u015f\u0131mac\u0131l\u0131k<\/div>\r\n                            <h2>S\u00fcrd\u00fcr\u00fclebilir ve g\u00fcvenilir lojistikte <span>gelece\u011fe y\u00f6n veren kurumsal marka <\/span><\/h2>\r\n                        <\/div>\r\n                        <div class=\"right-box\">\r\n                                                                                        <div class=\"text\">Lojistik sekt\u00f6r\u00fcnde s\u00fcrd\u00fcr\u00fclebilirlik, g\u00fcvenilirlik ve operasyonel m\u00fckemmeliyeti temel alan bir yakla\u015f\u0131m ile; ulusal \u00f6l\u00e7ekte referans kabul edilen, hizmet standartlar\u0131yla sekt\u00f6re y\u00f6n veren ve uzun vadeli de\u011fer \u00fcreten \u00f6nc\u00fc bir kurulu\u015f olmay\u0131 hedefliyoruz. So\u011fuk zincir, donuk ve kuru g\u0131da ta\u015f\u0131mac\u0131l\u0131\u011f\u0131 ba\u015fta olmak \u00fczere t\u00fcm faaliyet alanlar\u0131m\u0131zda teknolojiyi, verimlili\u011fi ve m\u00fc\u015fteri memnuniyetini oda\u011f\u0131m\u0131za alarak; g\u00fcvenilir, kesintisiz ve y\u00fcksek standartl\u0131 hizmet anlay\u0131\u015f\u0131m\u0131zla kal\u0131c\u0131 bir lojistik marka kimli\u011fi olu\u015fturmay\u0131 ama\u00e7l\u0131yoruz.<\/div>\r\n                                                    <\/div>\r\n                    <\/div>\r\n                <\/div>\r\n                <div class=\"row clearfix\">\r\n\r\n                    <!-- Image Column -->\r\n                    <div class=\"image-column col-lg-6 col-md-12 col-sm-12\">\r\n                        <div class=\"inner-column\">\r\n                            <div class=\"image\">\r\n                                                                    <img decoding=\"async\" src=\"https:\/\/ankaekspres.com\/wp-content\/uploads\/2022\/04\/tst-shape.png\" alt=\"\" \/>\r\n                                                            <\/div>\r\n                        <\/div>\r\n                    <\/div>\r\n\r\n                    <!-- Content Column -->\r\n                    <div class=\"content-column col-lg-6 col-md-12 col-sm-12\">\r\n                        <div class=\"inner-column\">\r\n                            <div class=\"row clearfix\">\r\n\r\n                                <!-- Column -->\r\n                                <div class=\"column col-lg-6 col-md-6 col-sm-12\">\r\n                                    <ul class=\"check\">\r\n                                                                                    <li>Gelece\u011fi \u015eekillendirir<\/li>\r\n                                                                                    <li>S\u00fcrd\u00fcr\u00fclebilir Yenilik<\/li>\r\n                                                                                    <li>K\u00fcresel De\u011fere Ula\u015f<\/li>\r\n                                                                                    <li>Teknolojiyle D\u00f6n\u00fc\u015f\u00fcm<\/li>\r\n                                                                            <\/ul>\r\n                                <\/div>\r\n                                <!-- Column -->\r\n                                <div class=\"column col-lg-6 col-md-6 col-sm-12\">\r\n                                    <div class=\"ft12-experiance-box\">\r\n                                        <div class=\"box-inner\">\r\n                                                                                        <div class=\"count-outer count-box\">\r\n                                                <span class=\"count-text\" data-speed=\"3500\" data-stop=\"31\">0<\/span>+                                            <\/div>\r\n                                            <div class=\"experience-text\">\r\n\t\t\t\t\t\t\t\t\t\t\t\tY\u0131ll\u0131k B\u00fcy\u00fck<br> Tecr\u00fcbe                                            <\/div>\r\n                                        <\/div>\r\n                                    <\/div>\r\n                                <\/div>\r\n\r\n                            <\/div>\r\n\r\n                                                            <!-- Signature Box -->\r\n                                <div class=\"signature-box\">\r\n                                    <div class=\"box-inner\">\r\n                                        <strong><\/strong><br>\r\n                                        <div class=\"designation\">\r\n\t\t\t\t\t\t\t\t\t\t\t                                        <\/div>\r\n                                        <span class=\"signature\">\r\n                                            <img decoding=\"async\" src=\"\" alt=\"\" \/>\r\n                                        <\/span>\r\n                                    <\/div>\r\n                                <\/div>\r\n                            \r\n                        <\/div>\r\n                    <\/div>\r\n\r\n                <\/div>\r\n            <\/div>\r\n        <\/div>\r\n        <!-- End About Section -->\r\n        \r\n\t\t\t\t\t<\/div>\n\t\t\t\t<\/div>\n\t\t\t\t\t<\/div>\n\t\t\t\t<\/div>\n\t\t\t\t<\/div>","protected":false},"excerpt":{"rendered":"<p>Anka Ekspres Ta\u015f\u0131mac\u0131l\u0131k S\u00fcrd\u00fcr\u00fclebilir ve g\u00fcvenilir lojistikte gelece\u011fe y\u00f6n veren kurumsal marka Lojistik sekt\u00f6r\u00fcnde s\u00fcrd\u00fcr\u00fclebilirlik, g\u00fcvenilirlik ve operasyonel m\u00fckemmeliyeti temel alan bir yakla\u015f\u0131m ile; ulusal \u00f6l\u00e7ekte referans kabul edilen, hizmet standartlar\u0131yla sekt\u00f6re y\u00f6n veren ve uzun vadeli de\u011fer \u00fcreten \u00f6nc\u00fc bir kurulu\u015f olmay\u0131 hedefliyoruz. So\u011fuk zincir, donuk ve kuru g\u0131da ta\u015f\u0131mac\u0131l\u0131\u011f\u0131 ba\u015fta olmak \u00fczere t\u00fcm [&hellip;]<\/p>","protected":false},"author":1,"featured_media":0,"parent":0,"menu_order":0,"comment_status":"closed","ping_status":"closed","template":"tpl-default-elementor.php","meta":{"om_disable_all_campaigns":false,"_monsterinsights_skip_tracking":false,"_monsterinsights_sitenote_active":false,"_monsterinsights_sitenote_note":"","_monsterinsights_sitenote_category":0,"footnotes":""},"class_list":["post-2877","page","type-page","status-publish","hentry"],"aioseo_notices":[],"_hostinger_reach_plugin_has_subscription_block":false,"_hostinger_reach_plugin_is_elementor":false,"_links":{"self":[{"href":"https:\/\/ankaekspres.com\/en\/wp-json\/wp\/v2\/pages\/2877","targetHints":{"allow":["GET"]}}],"collection":[{"href":"https:\/\/ankaekspres.com\/en\/wp-json\/wp\/v2\/pages"}],"about":[{"href":"https:\/\/ankaekspres.com\/en\/wp-json\/wp\/v2\/types\/page"}],"author":[{"embeddable":true,"href":"https:\/\/ankaekspres.com\/en\/wp-json\/wp\/v2\/users\/1"}],"replies":[{"embeddable":true,"href":"https:\/\/ankaekspres.com\/en\/wp-json\/wp\/v2\/comments?post=2877"}],"version-history":[{"count":7,"href":"https:\/\/ankaekspres.com\/en\/wp-json\/wp\/v2\/pages\/2877\/revisions"}],"predecessor-version":[{"id":3094,"href":"https:\/\/ankaekspres.com\/en\/wp-json\/wp\/v2\/pages\/2877\/revisions\/3094"}],"wp:attachment":[{"href":"https:\/\/ankaekspres.com\/en\/wp-json\/wp\/v2\/media?parent=2877"}],"curies":[{"name":"wp","href":"https:\/\/api.w.org\/{rel}","templated":true}]}}