{"id":2895,"date":"2025-11-20T17:45:58","date_gmt":"2025-11-20T17:45:58","guid":{"rendered":"https:\/\/ankaekspres.com\/?page_id=2895"},"modified":"2025-12-15T20:30:48","modified_gmt":"2025-12-15T20:30:48","slug":"parsiyel-tasimacilik","status":"publish","type":"page","link":"https:\/\/ankaekspres.com\/en\/parsiyel-tasimacilik\/","title":{"rendered":"Parsiyel Ta\u015f\u0131mac\u0131l\u0131k"},"content":{"rendered":"<div data-elementor-type=\"wp-page\" data-elementor-id=\"2895\" class=\"elementor elementor-2895\">\n\t\t\t\t<div class=\"elementor-element elementor-element-f0f58b5 e-flex e-con-boxed e-con e-parent\" data-id=\"f0f58b5\" data-element_type=\"container\" data-e-type=\"container\">\n\t\t\t\t\t<div class=\"e-con-inner\">\n\t\t\t\t<div class=\"elementor-element elementor-element-791f55b elementor-widget elementor-widget-fastrans_service_details\" data-id=\"791f55b\" data-element_type=\"widget\" data-e-type=\"widget\" data-widget_type=\"fastrans_service_details.default\">\n\t\t\t\t<div class=\"elementor-widget-container\">\n\t\t\t\t\t\t\n    <!-- Start of Service details section\n\t============================================= -->\n\t<section id=\"ft-service-details\" class=\"ft-service-details-section page-padding\">\n\t\t<div class=\"container\">\n\t\t\t<div class=\"ft-service-details-content\">\n\t\t\t\t<div class=\"row\">\n\t\t\t\t\t                    <div class=\"col-lg-12\">\n\t\t\t\t\t\t<div class=\"ft-service-details-content-wrapper headline pera-content\">\n\t\t\t\t\t\t\t<div class=\"ft-service-details-img-wrapper\">\n\t\t\t\t\t\t\t\t<div class=\"row\">\n\t\t\t\t\t\t\t\t\t                                    <div class=\"col-md-6\">\n\t\t\t\t\t\t\t\t\t\t<div class=\"ft-service-details-img\">\n\t\t\t\t\t\t\t\t\t\t\t<img decoding=\"async\" src=\"https:\/\/ankaekspres.com\/wp-content\/uploads\/2025\/12\/WhatsApp-Image-2025-12-15-at-11.14.46.jpeg\" alt=\"Awesome Image\">\n\t\t\t\t\t\t\t\t\t\t<\/div>\n\t\t\t\t\t\t\t\t\t<\/div>\n                                                                        \t\t\t\t\t\t\t\t<\/div>\n\t\t\t\t\t\t\t<\/div>\n\t\t\t\t\t\t\t<div class=\"ft-service-details-text-wrapper\">\n\t\t\t\t\t\t\t\t<h3>Parsiyel Ta\u015f\u0131mac\u0131l\u0131k<\/h3> \t\t\t\t\t\t\t\t\n\t\t\t\t\t\t\t\t<p>Parsiyel ta\u015f\u0131mac\u0131l\u0131k, lojistik sekt\u00f6r\u00fcnde k\u00fc\u00e7\u00fck hacimli veya az miktardaki y\u00fcklerinizi ekonomik ve verimli bir \u015fekilde var\u0131\u015f noktas\u0131na ula\u015ft\u0131ran kritik bir hizmettir. Bu sistemde, bir arac\u0131n tamam\u0131n\u0131 doldurmayacak kadar az olan y\u00fckleriniz, ayn\u0131 g\u00fczergah \u00fczerindeki ba\u015fka m\u00fc\u015fterilerin y\u00fckleriyle birle\u015ftirilir. B\u00f6ylece, tek bir kamyon veya t\u0131r, birden fazla firman\u0131n veya \u015fahs\u0131n mallar\u0131n\u0131 ta\u015f\u0131yarak maksimum doluluk ve minimum maliyet prensibiyle hareket eder. \u00d6zellikle KOB\u0130'ler ve e-ticaret i\u015fletmeleri i\u00e7in ideal bir \u00e7\u00f6z\u00fcm sunan parsiyel ta\u015f\u0131mac\u0131l\u0131k, y\u00fck\u00fcn\u00fcz\u00fcn b\u00fcy\u00fckl\u00fc\u011f\u00fcne bak\u0131lmaks\u0131z\u0131n ulusal ve uluslararas\u0131 pazarlara eri\u015fiminizi kolayla\u015ft\u0131r\u0131r ve lojistik b\u00fct\u00e7enizde \u00f6nemli tasarruflar sa\u011flar.<\/p>\n\n<p>Parsiyel y\u00fck ta\u015f\u0131mac\u0131l\u0131\u011f\u0131n\u0131n en b\u00fcy\u00fck avantaj\u0131 tart\u0131\u015fmas\u0131z maliyet etkinli\u011fidir. Bir arac\u0131n tamam\u0131n\u0131 kiralama (FTL - Tam Kamyon Y\u00fck\u00fc) masraf\u0131ndan kurtularak, yaln\u0131zca y\u00fck\u00fcn\u00fcz\u00fcn ara\u00e7taki kaplad\u0131\u011f\u0131 alan kadar \u00f6deme yapars\u0131n\u0131z. Bu model, \u00f6zellikle d\u00fczenli ve k\u00fc\u00e7\u00fck g\u00f6nderileri olan firmalar i\u00e7in ciddi bir rekabet avantaj\u0131 yarat\u0131r. Ayr\u0131ca, parsiyel hizmetlerimizde y\u00fckleriniz, depolama ve transfer s\u00fcre\u00e7lerinde y\u00fcksek g\u00fcvenlik standartlar\u0131 ile korunur. Sigortal\u0131 ta\u015f\u0131mac\u0131l\u0131k se\u00e7ene\u011fi ve geli\u015fmi\u015f takip sistemleri sayesinde, \u00fcr\u00fcnlerinizin nerede oldu\u011funu her an bilme konforuna sahip olursunuz. B\u00f6ylece, hem ekonomik hem de g\u00fcvenli bir ta\u015f\u0131ma deneyimi ya\u015fars\u0131n\u0131z.<\/p>\n\n<p>Firmam\u0131z, geni\u015f acente ve da\u011f\u0131t\u0131m a\u011f\u0131 sayesinde T\u00fcrkiye'nin 81 iline, hatta yurt d\u0131\u015f\u0131na dahi h\u0131zl\u0131 ve g\u00fcvenilir parsiyel ta\u015f\u0131mac\u0131l\u0131k \u00e7\u00f6z\u00fcmleri sunmaktad\u0131r. \u0130ster paletli, ister kolili, ister d\u00f6kme y\u00fckleriniz olsun, uzman ekibimiz g\u00f6nderinizin niteli\u011fine en uygun arac\u0131 ve rotay\u0131 belirleyerek ta\u015f\u0131ma s\u00fcrecini optimize eder. Sundu\u011fumuz kap\u0131dan kap\u0131ya teslimat ve esnek planlama se\u00e7enekleriyle i\u015f s\u00fcre\u00e7lerinizi kesintiye u\u011fratmadan, tam zaman\u0131nda teslimat garantisi veriyoruz. Lojistik operasyonlar\u0131n\u0131z\u0131 hafifletmek, maliyetlerinizi d\u00fc\u015f\u00fcrmek ve i\u015finize odaklanmak i\u00e7in bug\u00fcn bizimle ileti\u015fime ge\u00e7in ve en uygun parsiyel nakliye fiyatlar\u0131 teklifimizi al\u0131n.<\/p>\t\t\t\t\t\t\t\t\n\t\t\t\t\t\t\t\t\t\t\t\t\t\t\t\t                                \t\t\t\t\t\t\t\t    \t\n\t\t\t\t\t\t\t<\/div>\n\t\t\t\t\t\t<\/div>\n\t\t\t\t\t<\/div>\n\t\t\t\t<\/div>\n\t\t\t<\/div>\n\t\t<\/div>\n\t<\/section>\t\n\t<!-- End of Service details section\n\t============================================= -->\n    \n    \t\t\t\t<\/div>\n\t\t\t\t<\/div>\n\t\t\t\t\t<\/div>\n\t\t\t\t<\/div>\n\t\t\t\t<\/div>","protected":false},"excerpt":{"rendered":"<p>Parsiyel Ta\u015f\u0131mac\u0131l\u0131k Parsiyel ta\u015f\u0131mac\u0131l\u0131k, lojistik sekt\u00f6r\u00fcnde k\u00fc\u00e7\u00fck hacimli veya az miktardaki y\u00fcklerinizi ekonomik ve verimli bir \u015fekilde var\u0131\u015f noktas\u0131na ula\u015ft\u0131ran kritik bir hizmettir. Bu sistemde, bir arac\u0131n tamam\u0131n\u0131 doldurmayacak kadar az olan y\u00fckleriniz, ayn\u0131 g\u00fczergah \u00fczerindeki ba\u015fka m\u00fc\u015fterilerin y\u00fckleriyle birle\u015ftirilir. B\u00f6ylece, tek bir kamyon veya t\u0131r, birden fazla firman\u0131n veya \u015fahs\u0131n mallar\u0131n\u0131 ta\u015f\u0131yarak maksimum doluluk [&hellip;]<\/p>","protected":false},"author":1,"featured_media":0,"parent":0,"menu_order":0,"comment_status":"closed","ping_status":"closed","template":"tpl-default-elementor.php","meta":{"om_disable_all_campaigns":false,"_monsterinsights_skip_tracking":false,"_monsterinsights_sitenote_active":false,"_monsterinsights_sitenote_note":"","_monsterinsights_sitenote_category":0,"footnotes":""},"class_list":["post-2895","page","type-page","status-publish","hentry"],"aioseo_notices":[],"_hostinger_reach_plugin_has_subscription_block":false,"_hostinger_reach_plugin_is_elementor":false,"_links":{"self":[{"href":"https:\/\/ankaekspres.com\/en\/wp-json\/wp\/v2\/pages\/2895","targetHints":{"allow":["GET"]}}],"collection":[{"href":"https:\/\/ankaekspres.com\/en\/wp-json\/wp\/v2\/pages"}],"about":[{"href":"https:\/\/ankaekspres.com\/en\/wp-json\/wp\/v2\/types\/page"}],"author":[{"embeddable":true,"href":"https:\/\/ankaekspres.com\/en\/wp-json\/wp\/v2\/users\/1"}],"replies":[{"embeddable":true,"href":"https:\/\/ankaekspres.com\/en\/wp-json\/wp\/v2\/comments?post=2895"}],"version-history":[{"count":16,"href":"https:\/\/ankaekspres.com\/en\/wp-json\/wp\/v2\/pages\/2895\/revisions"}],"predecessor-version":[{"id":3150,"href":"https:\/\/ankaekspres.com\/en\/wp-json\/wp\/v2\/pages\/2895\/revisions\/3150"}],"wp:attachment":[{"href":"https:\/\/ankaekspres.com\/en\/wp-json\/wp\/v2\/media?parent=2895"}],"curies":[{"name":"wp","href":"https:\/\/api.w.org\/{rel}","templated":true}]}}