{"id":2967,"date":"2025-11-25T17:54:33","date_gmt":"2025-11-25T17:54:33","guid":{"rendered":"https:\/\/ankaekspres.com\/?page_id=2967"},"modified":"2025-12-14T08:56:07","modified_gmt":"2025-12-14T08:56:07","slug":"mikro-tasimacilik","status":"publish","type":"page","link":"https:\/\/ankaekspres.com\/en\/mikro-tasimacilik\/","title":{"rendered":"Mikro Ta\u015f\u0131mac\u0131l\u0131k"},"content":{"rendered":"<div data-elementor-type=\"wp-page\" data-elementor-id=\"2967\" class=\"elementor elementor-2967\">\n\t\t\t\t\t\t<section class=\"elementor-section elementor-top-section elementor-element elementor-element-fc50221 elementor-section-full_width elementor-section-height-default elementor-section-height-default\" data-id=\"fc50221\" data-element_type=\"section\" data-e-type=\"section\">\n\t\t\t\t\t\t<div class=\"elementor-container elementor-column-gap-default\">\n\t\t\t\t\t<div class=\"elementor-column elementor-col-100 elementor-top-column elementor-element elementor-element-60e8e2e\" data-id=\"60e8e2e\" data-element_type=\"column\" data-e-type=\"column\">\n\t\t\t<div class=\"elementor-widget-wrap elementor-element-populated\">\n\t\t\t\t\t\t<div class=\"elementor-element elementor-element-3f6a094 elementor-widget elementor-widget-fastrans_service_details\" data-id=\"3f6a094\" data-element_type=\"widget\" data-e-type=\"widget\" data-widget_type=\"fastrans_service_details.default\">\n\t\t\t\t<div class=\"elementor-widget-container\">\n\t\t\t\t\t\t\n    <!-- Start of Service details section\n\t============================================= -->\n\t<section id=\"ft-service-details\" class=\"ft-service-details-section page-padding\">\n\t\t<div class=\"container\">\n\t\t\t<div class=\"ft-service-details-content\">\n\t\t\t\t<div class=\"row\">\n\t\t\t\t\t                    <div class=\"col-lg-12\">\n\t\t\t\t\t\t<div class=\"ft-service-details-content-wrapper headline pera-content\">\n\t\t\t\t\t\t\t<div class=\"ft-service-details-img-wrapper\">\n\t\t\t\t\t\t\t\t<div class=\"row\">\n\t\t\t\t\t\t\t\t\t                                    <div class=\"col-md-6\">\n\t\t\t\t\t\t\t\t\t\t<div class=\"ft-service-details-img\">\n\t\t\t\t\t\t\t\t\t\t\t<img decoding=\"async\" src=\"https:\/\/ankaekspres.com\/wp-content\/uploads\/2025\/11\/depo-yonetimi.png\" alt=\"Awesome Image\">\n\t\t\t\t\t\t\t\t\t\t<\/div>\n\t\t\t\t\t\t\t\t\t<\/div>\n                                                                        \t\t\t\t\t\t\t\t\t<div class=\"col-md-6\">\n\t\t\t\t\t\t\t\t\t\t                                        <div class=\"ft-service-details-img\">\n\t\t\t\t\t\t\t\t\t\t\t<img decoding=\"async\" src=\"https:\/\/ankaekspres.com\/wp-content\/uploads\/2025\/11\/doblofrigoo.png\" alt=\"Awesome Image\">\n\t\t\t\t\t\t\t\t\t\t<\/div>\n                                                                                \t\t\t\t\t\t\t\t\t\t<div class=\"ft-service-details-img\">\n\t\t\t\t\t\t\t\t\t\t\t<img decoding=\"async\" src=\"https:\/\/ankaekspres.com\/wp-content\/uploads\/2025\/11\/frigodoblo.png\" alt=\"Awesome Image\">\n\t\t\t\t\t\t\t\t\t\t<\/div>\n                                        \t\t\t\t\t\t\t\t\t<\/div>\n                                    \t\t\t\t\t\t\t\t<\/div>\n\t\t\t\t\t\t\t<\/div>\n\t\t\t\t\t\t\t<div class=\"ft-service-details-text-wrapper\">\n\t\t\t\t\t\t\t\t<h3>Mikro Ta\u015f\u0131mac\u0131l\u0131k<\/h3> \t\t\t\t\t\t\t\t\n\t\t\t\t\t\t\t\t<p>G\u00fcn\u00fcm\u00fcz ticaret dinamikleri, k\u00fc\u00e7\u00fck paket g\u00f6nderimi ve d\u00fc\u015f\u00fck hacimli y\u00fck ta\u015f\u0131mac\u0131l\u0131\u011f\u0131 i\u00e7in h\u0131zl\u0131, esnek ve ekonomik \u00e7\u00f6z\u00fcmler gerektiriyor. Anka Ekspres Ta\u015f\u0131mac\u0131l\u0131k olarak, bu ihtiyaca \u00f6zel geli\u015ftirdi\u011fimiz Mikro Ta\u015f\u0131mac\u0131l\u0131k Hizmeti ile i\u015fletmelerin yan\u0131nda yer al\u0131yoruz. E-ticaret lojisti\u011fi ve perakende sekt\u00f6r\u00fcn\u00fcn acil g\u00f6nderi gereksinimleri ba\u015fta olmak \u00fczere, t\u00fcm \u015fehir i\u00e7i h\u0131zl\u0131 kargo ve parsiyel mikro da\u011f\u0131t\u0131m taleplerinizi en \u00fcst d\u00fczeyde g\u00fcvenlik ve h\u0131zla kar\u015f\u0131l\u0131yoruz. Standart kargo s\u00fcre\u00e7lerinin aksine, bu hizmetimiz sayesinde yaln\u0131zca ta\u015f\u0131d\u0131\u011f\u0131n\u0131z y\u00fck kadar \u00f6deme yaparak, karma\u015f\u0131k ve pahal\u0131 lojistik maliyetlerinden kurtulur, g\u00fcvenilir ve uygun maliyetli bir parsiyel nakliye deneyimi ya\u015fars\u0131n\u0131z.<\/p> \n\n<p>Mikro Ta\u015f\u0131mac\u0131l\u0131k \u00e7\u00f6z\u00fcmlerimiz, yaln\u0131zca genel y\u00fckler i\u00e7in de\u011fil, s\u0131cakl\u0131k hassasiyeti olan kritik g\u00f6nderileriniz i\u00e7in de hayati \u00e7\u00f6z\u00fcmler sunar. So\u011fuk zincir lojisti\u011fi uzmanl\u0131\u011f\u0131m\u0131z\u0131, k\u00fc\u00e7\u00fck hacimli y\u00fcklerinize ta\u015f\u0131yarak tam koruma sa\u011fl\u0131yoruz. Frigo Ta\u015f\u0131mac\u0131l\u0131k (So\u011fuk Zincir Ta\u015f\u0131mac\u0131l\u0131\u011f\u0131) hizmetimiz, g\u0131da, ila\u00e7 ve kimyasal \u00fcr\u00fcnlerin ta\u015f\u0131nmas\u0131nda gerekli olan \u0131s\u0131 kontroll\u00fc ta\u015f\u0131mac\u0131l\u0131k \u015fartlar\u0131n\u0131 uluslararas\u0131 standartlarda yerine getirir. \u00d6zel donan\u0131ml\u0131 ara\u00e7lar\u0131m\u0131zla, dondurulmu\u015f \u00fcr\u00fcn nakliyesi veya so\u011fuk ila\u00e7 ta\u015f\u0131mac\u0131l\u0131\u011f\u0131 gibi ihtiya\u00e7lar\u0131n\u0131z i\u00e7in \u0131s\u0131y\u0131 titizlikle kontrol alt\u0131nda tutarak, \u00fcr\u00fcnlerinizin ilk g\u00fcnk\u00fc kalitesini ve b\u00fct\u00fcnl\u00fc\u011f\u00fcn\u00fc garantiliyor, b\u00f6ylece en zorlu frigo nakliye gereksinimlerinizi bile g\u00fcvenle kar\u015f\u0131l\u0131yoruz.<\/p>\n\n<p>Anka Ekspres Ta\u015f\u0131mac\u0131l\u0131k, mikro lojistik alan\u0131nda sekt\u00f6r lideri olmaya odaklanm\u0131\u015ft\u0131r. M\u00fc\u015fterilerimize sundu\u011fumuz teknoloji destekli takip sistemleri ve \u00e7evik operasyonel s\u00fcre\u00e7ler sayesinde, y\u00fck\u00fcn\u00fcz\u00fcn nerede oldu\u011funu anl\u0131k olarak bilir ve teslimat\u0131n\u0131z\u0131n planland\u0131\u011f\u0131 zamanda ger\u00e7ekle\u015fece\u011finden emin olursunuz. \u0130ster b\u00fcy\u00fck bir parsiyel nakliye g\u00f6nderiniz olsun, ister kritik bir k\u00fc\u00e7\u00fck paket teslimat\u0131n\u0131z, hizmet kalitemizden asla \u00f6d\u00fcn vermiyoruz. \u0130\u015fletmenizin b\u00fcy\u00fckl\u00fc\u011f\u00fc ne olursa olsun, ihtiyac\u0131n\u0131z olan h\u0131z, g\u00fcven ve esnekli\u011fi bir araya getiren Anka Ekspres Mikro Ta\u015f\u0131mac\u0131l\u0131k \u00e7\u00f6z\u00fcmleriyle tan\u0131\u015f\u0131n. Sadece bir t\u0131k uzakta olan ekspres kargo hizmetimizle, lojistik s\u00fcre\u00e7lerinizi kolayla\u015ft\u0131rmak i\u00e7in hemen bizimle ileti\u015fime ge\u00e7ebilirsiniz.<\/p>\t\t\t\t\t\t\t\t\n\t\t\t\t\t\t\t\t                                <div class=\"ft-service-details-counter-wrapper\">\n\t\t\t\t\t\t\t\t\t<div class=\"row\">\n\t\t\t\t\t\t\t\t\t\t                                        <div class=\"col-md-6\">\n\t\t\t\t\t\t\t\t\t\t\t<div class=\"ft-service-details-counter-item d-flex align-items-center headline pera-content\">\n\t\t\t\t\t\t\t\t\t\t\t\t<div class=\"ft-service-details-count-icon\">\n\t\t\t\t\t\t\t\t\t\t\t\t\t<i class=\"flaticon-worldwide\"><\/i>\n\t\t\t\t\t\t\t\t\t\t\t\t<\/div>\n\t\t\t\t\t\t\t\t\t\t\t\t<div class=\"ft-service-details-count-text\">\n\t\t\t\t\t\t\t\t\t\t\t\t\t<h4 class=\"title text-uppercase\">M\u00fc\u015fteri Say\u0131s\u0131<\/h4>\n\t\t\t\t\t\t\t\t\t\t\t\t\t<h4 class=\"count-number\"><span class=\"count\">158<\/span>+<\/h4>\n\t\t\t\t\t\t\t\t\t\t\t\t\t<p><\/p>\n\t\t\t\t\t\t\t\t\t\t\t\t<\/div>\n\t\t\t\t\t\t\t\t\t\t\t<\/div>\n\t\t\t\t\t\t\t\t\t\t<\/div>\n                                                                                <div class=\"col-md-6\">\n\t\t\t\t\t\t\t\t\t\t\t<div class=\"ft-service-details-counter-item d-flex align-items-center headline pera-content\">\n\t\t\t\t\t\t\t\t\t\t\t\t<div class=\"ft-service-details-count-icon\">\n\t\t\t\t\t\t\t\t\t\t\t\t\t<i class=\"flaticon-logistics\"><\/i>\n\t\t\t\t\t\t\t\t\t\t\t\t<\/div>\n\t\t\t\t\t\t\t\t\t\t\t\t<div class=\"ft-service-details-count-text\">\n\t\t\t\t\t\t\t\t\t\t\t\t\t<h4 class=\"title text-uppercase\">Ba\u015far\u0131l\u0131 Proje<\/h4>\n\t\t\t\t\t\t\t\t\t\t\t\t\t<h4 class=\"count-number\"><span class=\"count\">2000<\/span>+<\/h4>\n\t\t\t\t\t\t\t\t\t\t\t\t\t<p><\/p>\n\t\t\t\t\t\t\t\t\t\t\t\t<\/div>\n\t\t\t\t\t\t\t\t\t\t\t<\/div>\n\t\t\t\t\t\t\t\t\t\t<\/div>\n                                        \t\t\t\t\t\t\t\t\t<\/div>\n\t\t\t\t\t\t\t\t<\/div>\n\t\t\t\t\t\t\t\t\t\t\t\t\t\t\t\t                                <h3>So\u011fuk Zincirde G\u00fcvenilir Partneriniz: Frigo Ta\u015f\u0131mac\u0131l\u0131k<\/h3>\n                                                                                                <p>Mikro Ta\u015f\u0131mac\u0131l\u0131k hizmetimiz, yaln\u0131zca standart y\u00fckler i\u00e7in de\u011fil, s\u0131cakl\u0131k hassasiyeti olan \u00fcr\u00fcnleriniz i\u00e7in de en g\u00fcvenilir \u00e7\u00f6z\u00fcmleri i\u00e7erir. \u00d6zellikle g\u0131da, ila\u00e7 ve kimyasal sekt\u00f6rleri i\u00e7in hayati \u00f6neme sahip olan Frigo Ta\u015f\u0131mac\u0131l\u0131k (So\u011fuk Zincir Ta\u015f\u0131mac\u0131l\u0131\u011f\u0131) \u00e7\u00f6z\u00fcmlerimizle, mikro g\u00f6nderilerinizin de kalitesini ve b\u00fct\u00fcnl\u00fc\u011f\u00fcn\u00fc koruyoruz.\n\nFrigo nakliye ara\u00e7lar\u0131m\u0131z, s\u0131cakl\u0131\u011f\u0131 +4\u00b0C'den -26\u00b0C'ye kadar kontrol edebilen \u00f6zel donan\u0131ma sahiptir. <\/p>\n\t\t\t\t\t\t\t\t\t\t\t\t\t\t\t\t    \t\n\t\t\t\t\t\t\t<\/div>\n\t\t\t\t\t\t<\/div>\n\t\t\t\t\t<\/div>\n\t\t\t\t<\/div>\n\t\t\t<\/div>\n\t\t<\/div>\n\t<\/section>\t\n\t<!-- End of Service details section\n\t============================================= -->\n    \n    \t\t\t\t<\/div>\n\t\t\t\t<\/div>\n\t\t\t\t\t<\/div>\n\t\t<\/div>\n\t\t\t\t\t<\/div>\n\t\t<\/section>\n\t\t\t\t<\/div>","protected":false},"excerpt":{"rendered":"<p>Mikro Ta\u015f\u0131mac\u0131l\u0131k G\u00fcn\u00fcm\u00fcz ticaret dinamikleri, k\u00fc\u00e7\u00fck paket g\u00f6nderimi ve d\u00fc\u015f\u00fck hacimli y\u00fck ta\u015f\u0131mac\u0131l\u0131\u011f\u0131 i\u00e7in h\u0131zl\u0131, esnek ve ekonomik \u00e7\u00f6z\u00fcmler gerektiriyor. Anka Ekspres Ta\u015f\u0131mac\u0131l\u0131k olarak, bu ihtiyaca \u00f6zel geli\u015ftirdi\u011fimiz Mikro Ta\u015f\u0131mac\u0131l\u0131k Hizmeti ile i\u015fletmelerin yan\u0131nda yer al\u0131yoruz. E-ticaret lojisti\u011fi ve perakende sekt\u00f6r\u00fcn\u00fcn acil g\u00f6nderi gereksinimleri ba\u015fta olmak \u00fczere, t\u00fcm \u015fehir i\u00e7i h\u0131zl\u0131 kargo ve parsiyel mikro [&hellip;]<\/p>","protected":false},"author":1,"featured_media":0,"parent":0,"menu_order":0,"comment_status":"closed","ping_status":"closed","template":"tpl-default-elementor.php","meta":{"om_disable_all_campaigns":false,"_monsterinsights_skip_tracking":false,"_monsterinsights_sitenote_active":false,"_monsterinsights_sitenote_note":"","_monsterinsights_sitenote_category":0,"footnotes":""},"class_list":["post-2967","page","type-page","status-publish","hentry"],"aioseo_notices":[],"_hostinger_reach_plugin_has_subscription_block":false,"_hostinger_reach_plugin_is_elementor":false,"_links":{"self":[{"href":"https:\/\/ankaekspres.com\/en\/wp-json\/wp\/v2\/pages\/2967","targetHints":{"allow":["GET"]}}],"collection":[{"href":"https:\/\/ankaekspres.com\/en\/wp-json\/wp\/v2\/pages"}],"about":[{"href":"https:\/\/ankaekspres.com\/en\/wp-json\/wp\/v2\/types\/page"}],"author":[{"embeddable":true,"href":"https:\/\/ankaekspres.com\/en\/wp-json\/wp\/v2\/users\/1"}],"replies":[{"embeddable":true,"href":"https:\/\/ankaekspres.com\/en\/wp-json\/wp\/v2\/comments?post=2967"}],"version-history":[{"count":10,"href":"https:\/\/ankaekspres.com\/en\/wp-json\/wp\/v2\/pages\/2967\/revisions"}],"predecessor-version":[{"id":3126,"href":"https:\/\/ankaekspres.com\/en\/wp-json\/wp\/v2\/pages\/2967\/revisions\/3126"}],"wp:attachment":[{"href":"https:\/\/ankaekspres.com\/en\/wp-json\/wp\/v2\/media?parent=2967"}],"curies":[{"name":"wp","href":"https:\/\/api.w.org\/{rel}","templated":true}]}}