{"id":2969,"date":"2025-11-25T17:54:59","date_gmt":"2025-11-25T17:54:59","guid":{"rendered":"https:\/\/ankaekspres.com\/?page_id=2969"},"modified":"2025-12-14T08:56:15","modified_gmt":"2025-12-14T08:56:15","slug":"makro-tasimacilik","status":"publish","type":"page","link":"https:\/\/ankaekspres.com\/en\/makro-tasimacilik\/","title":{"rendered":"Makro Ta\u015f\u0131mac\u0131l\u0131k"},"content":{"rendered":"<div data-elementor-type=\"wp-page\" data-elementor-id=\"2969\" class=\"elementor elementor-2969\">\n\t\t\t\t\t\t<section class=\"elementor-section elementor-top-section elementor-element elementor-element-fc50221 elementor-section-full_width elementor-section-height-default elementor-section-height-default\" data-id=\"fc50221\" data-element_type=\"section\" data-e-type=\"section\">\n\t\t\t\t\t\t<div class=\"elementor-container elementor-column-gap-default\">\n\t\t\t\t\t<div class=\"elementor-column elementor-col-100 elementor-top-column elementor-element elementor-element-60e8e2e\" data-id=\"60e8e2e\" data-element_type=\"column\" data-e-type=\"column\">\n\t\t\t<div class=\"elementor-widget-wrap elementor-element-populated\">\n\t\t\t\t\t\t<div class=\"elementor-element elementor-element-3f6a094 elementor-widget elementor-widget-fastrans_service_details\" data-id=\"3f6a094\" data-element_type=\"widget\" data-e-type=\"widget\" data-widget_type=\"fastrans_service_details.default\">\n\t\t\t\t<div class=\"elementor-widget-container\">\n\t\t\t\t\t\t\n    <!-- Start of Service details section\n\t============================================= -->\n\t<section id=\"ft-service-details\" class=\"ft-service-details-section page-padding\">\n\t\t<div class=\"container\">\n\t\t\t<div class=\"ft-service-details-content\">\n\t\t\t\t<div class=\"row\">\n\t\t\t\t\t                    <div class=\"col-lg-12\">\n\t\t\t\t\t\t<div class=\"ft-service-details-content-wrapper headline pera-content\">\n\t\t\t\t\t\t\t<div class=\"ft-service-details-img-wrapper\">\n\t\t\t\t\t\t\t\t<div class=\"row\">\n\t\t\t\t\t\t\t\t\t                                    <div class=\"col-md-6\">\n\t\t\t\t\t\t\t\t\t\t<div class=\"ft-service-details-img\">\n\t\t\t\t\t\t\t\t\t\t\t<img decoding=\"async\" src=\"https:\/\/ankaekspres.com\/wp-content\/uploads\/2025\/11\/yurtici-tasimacilik-1.png\" alt=\"Awesome Image\">\n\t\t\t\t\t\t\t\t\t\t<\/div>\n\t\t\t\t\t\t\t\t\t<\/div>\n                                                                        \t\t\t\t\t\t\t\t\t<div class=\"col-md-6\">\n\t\t\t\t\t\t\t\t\t\t                                        <div class=\"ft-service-details-img\">\n\t\t\t\t\t\t\t\t\t\t\t<img decoding=\"async\" src=\"https:\/\/ankaekspres.com\/wp-content\/uploads\/2025\/11\/lojistikcozumler.png\" alt=\"Awesome Image\">\n\t\t\t\t\t\t\t\t\t\t<\/div>\n                                                                                \t\t\t\t\t\t\t\t\t\t<div class=\"ft-service-details-img\">\n\t\t\t\t\t\t\t\t\t\t\t<img decoding=\"async\" src=\"https:\/\/ankaekspres.com\/wp-content\/uploads\/2025\/11\/lojistik-1.png\" alt=\"Awesome Image\">\n\t\t\t\t\t\t\t\t\t\t<\/div>\n                                        \t\t\t\t\t\t\t\t\t<\/div>\n                                    \t\t\t\t\t\t\t\t<\/div>\n\t\t\t\t\t\t\t<\/div>\n\t\t\t\t\t\t\t<div class=\"ft-service-details-text-wrapper\">\n\t\t\t\t\t\t\t\t<h3>Makro Ta\u015f\u0131mac\u0131l\u0131k<\/h3> \t\t\t\t\t\t\t\t\n\t\t\t\t\t\t\t\t<p>B\u00fcy\u00fck \u00f6l\u00e7ekli \u00fcretim, da\u011f\u0131t\u0131m ve uluslararas\u0131 ticaret yapan i\u015fletmelerin temel lojistik gereksinimi: G\u00fc\u00e7l\u00fc, g\u00fcvenilir ve y\u00fcksek kapasiteli bir \u00e7\u00f6z\u00fcm orta\u011f\u0131d\u0131r. Anka Ekspres Ta\u015f\u0131mac\u0131l\u0131k'\u0131n Makro Ta\u015f\u0131mac\u0131l\u0131k Hizmeti, tam olarak bu ihtiyaca cevap vermek \u00fczere tasarlanm\u0131\u015ft\u0131r. Komple y\u00fck ta\u015f\u0131mac\u0131l\u0131\u011f\u0131, a\u011f\u0131r y\u00fck nakliyesi ve b\u00fcy\u00fck hacimli lojistik taleplerinizde, operasyonel s\u00fcre\u00e7lerinizi kolayla\u015ft\u0131ran, g\u00fcvenilir ve rekabet\u00e7i fiyatl\u0131 \u00e7\u00f6z\u00fcmler sunuyoruz. Geni\u015f ve modern filomuz sayesinde, en b\u00fcy\u00fck paletli y\u00fck ve end\u00fcstriyel nakliye taleplerinizi sorunsuz kar\u015f\u0131l\u0131yor; t\u00fcm t\u0131r ta\u015f\u0131mac\u0131l\u0131\u011f\u0131 ve mega treyler \u00e7\u00f6z\u00fcmlerimizle T\u00fcrkiye\u2019nin d\u00f6rt bir yan\u0131na komple ara\u00e7 kiralama hizmeti sa\u011fl\u0131yoruz. Komple y\u00fcklerinizde Anka Ekspres ile g\u00fcvenceyi ve zaman\u0131nda teslimat\u0131 deneyimleyin.<\/p>\n\n<p>Makro lojistik alan\u0131ndaki uzmanl\u0131\u011f\u0131m\u0131z, sadece karayolu ile s\u0131n\u0131rl\u0131 de\u011fildir. \u00d6zellikle b\u00fcy\u00fck \u00f6l\u00e7ekli ve uzun mesafeli projeleriniz i\u00e7in intermodal ta\u015f\u0131mac\u0131l\u0131k ve sofistike proje lojisti\u011fi \u00e7\u00f6z\u00fcmlerimizle fark yarat\u0131yoruz. Y\u00fck\u00fcn\u00fcz\u00fcn niteli\u011fi ve destinasyonu ne olursa olsun, y\u00fcklerinizi deniz, kara ve demiryolu entegrasyonu ile en verimli rotalarda ta\u015f\u0131yoruz. Ayr\u0131ca, uluslararas\u0131 ticaretin vazge\u00e7ilmezi olan uluslararas\u0131 karayolu ta\u015f\u0131mac\u0131l\u0131\u011f\u0131 hizmetlerimizle, transit y\u00fckleme operasyonlar\u0131n\u0131 profesyonelce y\u00f6netiyor ve y\u00fcklerinizi Avrupa, Asya ve Orta Do\u011fu\u2019daki destinasyonlara h\u0131zl\u0131ca ula\u015ft\u0131r\u0131yoruz. Bu s\u00fcre\u00e7lerin tamam\u0131nda, y\u00fck\u00fcn\u00fcz\u00fcn de\u011feri ne olursa olsun, en kapsaml\u0131 sigorta g\u00fcvencesiyle tam g\u00fcvenlik sa\u011fl\u0131yoruz.<\/p>\n\n<p>Anka Ekspres Ta\u015f\u0131mac\u0131l\u0131k, makro lojistik alan\u0131nda sekt\u00f6rdeki tecr\u00fcbesiyle komple \u00e7\u00f6z\u00fcmler sunmaya odaklanm\u0131\u015ft\u0131r. M\u00fc\u015fterilerimize sundu\u011fumuz teknoloji destekli takip sistemleri ve \u00e7evik operasyonel s\u00fcre\u00e7ler sayesinde, full kamyon y\u00fck\u00fc (FTL) sevkiyat\u0131n\u0131z\u0131n planland\u0131\u011f\u0131 zamanda, sorunsuz bir \u015fekilde teslim edilece\u011finden emin olursunuz. \u0130\u015fletmenizin tedarik zinciri ne kadar karma\u015f\u0131k olursa olsun, ihtiyac\u0131n\u0131z olan h\u0131z, g\u00fcven ve esnekli\u011fi bir araya getiren Anka Ekspres Makro Ta\u015f\u0131mac\u0131l\u0131k \u00e7\u00f6z\u00fcmleriyle tan\u0131\u015f\u0131n. Sekt\u00f6rdeki en iyi komple t\u0131r fiyatlar\u0131 teklifini almak ve b\u00fcy\u00fck d\u00fc\u015f\u00fcnmek i\u00e7in lojistik s\u00fcre\u00e7lerinizi kolayla\u015ft\u0131rmak amac\u0131yla hemen bizimle ileti\u015fime ge\u00e7in.<\/p>\t\t\t\t\t\t\t\t\n\t\t\t\t\t\t\t\t                                <div class=\"ft-service-details-counter-wrapper\">\n\t\t\t\t\t\t\t\t\t<div class=\"row\">\n\t\t\t\t\t\t\t\t\t\t                                        <div class=\"col-md-6\">\n\t\t\t\t\t\t\t\t\t\t\t<div class=\"ft-service-details-counter-item d-flex align-items-center headline pera-content\">\n\t\t\t\t\t\t\t\t\t\t\t\t<div class=\"ft-service-details-count-icon\">\n\t\t\t\t\t\t\t\t\t\t\t\t\t<i class=\"flaticon-worldwide\"><\/i>\n\t\t\t\t\t\t\t\t\t\t\t\t<\/div>\n\t\t\t\t\t\t\t\t\t\t\t\t<div class=\"ft-service-details-count-text\">\n\t\t\t\t\t\t\t\t\t\t\t\t\t<h4 class=\"title text-uppercase\">M\u00fc\u015fteri Say\u0131s\u0131<\/h4>\n\t\t\t\t\t\t\t\t\t\t\t\t\t<h4 class=\"count-number\"><span class=\"count\">158<\/span>+<\/h4>\n\t\t\t\t\t\t\t\t\t\t\t\t\t<p><\/p>\n\t\t\t\t\t\t\t\t\t\t\t\t<\/div>\n\t\t\t\t\t\t\t\t\t\t\t<\/div>\n\t\t\t\t\t\t\t\t\t\t<\/div>\n                                                                                <div class=\"col-md-6\">\n\t\t\t\t\t\t\t\t\t\t\t<div class=\"ft-service-details-counter-item d-flex align-items-center headline pera-content\">\n\t\t\t\t\t\t\t\t\t\t\t\t<div class=\"ft-service-details-count-icon\">\n\t\t\t\t\t\t\t\t\t\t\t\t\t<i class=\"flaticon-logistics\"><\/i>\n\t\t\t\t\t\t\t\t\t\t\t\t<\/div>\n\t\t\t\t\t\t\t\t\t\t\t\t<div class=\"ft-service-details-count-text\">\n\t\t\t\t\t\t\t\t\t\t\t\t\t<h4 class=\"title text-uppercase\">Ba\u015far\u0131l\u0131 Proje<\/h4>\n\t\t\t\t\t\t\t\t\t\t\t\t\t<h4 class=\"count-number\"><span class=\"count\">2000<\/span>+<\/h4>\n\t\t\t\t\t\t\t\t\t\t\t\t\t<p><\/p>\n\t\t\t\t\t\t\t\t\t\t\t\t<\/div>\n\t\t\t\t\t\t\t\t\t\t\t<\/div>\n\t\t\t\t\t\t\t\t\t\t<\/div>\n                                        \t\t\t\t\t\t\t\t\t<\/div>\n\t\t\t\t\t\t\t\t<\/div>\n\t\t\t\t\t\t\t\t\t\t\t\t\t\t\t\t                                <h3>Sanayi B\u00f6lgeleri \u0130\u00e7in \u00d6zel Ta\u015f\u0131ma Hizmetleri<\/h3>\n                                                                                                <p>Kocaeli, Gebze ve Tuzla; otomotiv, kimya, g\u0131da, in\u015faat ve plastik sekt\u00f6rlerinde T\u00fcrkiye\u2019nin \u00fcretim \u00fcss\u00fc konumundad\u0131r.\nFirmam\u0131z, bu b\u00f6lgelerdeki sanayi kurulu\u015flar\u0131na \u00f6zel lojistik \u00e7\u00f6z\u00fcmler geli\u015ftirir.\nFabrika \u00e7\u0131k\u0131\u015fl\u0131 \u00fcr\u00fcnlerin depo veya m\u00fc\u015fteriye ula\u015ft\u0131r\u0131lmas\u0131nda zamanlama, maliyet optimizasyonu ve g\u00fcvenlik ana kriterlerimizdir.\n\nAyr\u0131ca OSB ta\u015f\u0131mac\u0131l\u0131\u011f\u0131, ihracat \u00f6ncesi yurti\u00e7i sevkiyat, ham madde transferi, bayi da\u011f\u0131t\u0131m lojisti\u011fi gibi alanlarda da deneyimli kadromuzla destek sa\u011fl\u0131yoruz. <\/p>\n\t\t\t\t\t\t\t\t\t\t\t\t\t\t\t\t    \t\n\t\t\t\t\t\t\t<\/div>\n\t\t\t\t\t\t<\/div>\n\t\t\t\t\t<\/div>\n\t\t\t\t<\/div>\n\t\t\t<\/div>\n\t\t<\/div>\n\t<\/section>\t\n\t<!-- End of Service details section\n\t============================================= -->\n    \n    \t\t\t\t<\/div>\n\t\t\t\t<\/div>\n\t\t\t\t\t<\/div>\n\t\t<\/div>\n\t\t\t\t\t<\/div>\n\t\t<\/section>\n\t\t\t\t<\/div>","protected":false},"excerpt":{"rendered":"<p>Makro Ta\u015f\u0131mac\u0131l\u0131k B\u00fcy\u00fck \u00f6l\u00e7ekli \u00fcretim, da\u011f\u0131t\u0131m ve uluslararas\u0131 ticaret yapan i\u015fletmelerin temel lojistik gereksinimi: G\u00fc\u00e7l\u00fc, g\u00fcvenilir ve y\u00fcksek kapasiteli bir \u00e7\u00f6z\u00fcm orta\u011f\u0131d\u0131r. Anka Ekspres Ta\u015f\u0131mac\u0131l\u0131k&#8217;\u0131n Makro Ta\u015f\u0131mac\u0131l\u0131k Hizmeti, tam olarak bu ihtiyaca cevap vermek \u00fczere tasarlanm\u0131\u015ft\u0131r. Komple y\u00fck ta\u015f\u0131mac\u0131l\u0131\u011f\u0131, a\u011f\u0131r y\u00fck nakliyesi ve b\u00fcy\u00fck hacimli lojistik taleplerinizde, operasyonel s\u00fcre\u00e7lerinizi kolayla\u015ft\u0131ran, g\u00fcvenilir ve rekabet\u00e7i fiyatl\u0131 \u00e7\u00f6z\u00fcmler [&hellip;]<\/p>","protected":false},"author":1,"featured_media":0,"parent":0,"menu_order":0,"comment_status":"closed","ping_status":"closed","template":"tpl-default-elementor.php","meta":{"om_disable_all_campaigns":false,"_monsterinsights_skip_tracking":false,"_monsterinsights_sitenote_active":false,"_monsterinsights_sitenote_note":"","_monsterinsights_sitenote_category":0,"footnotes":""},"class_list":["post-2969","page","type-page","status-publish","hentry"],"aioseo_notices":[],"_hostinger_reach_plugin_has_subscription_block":false,"_hostinger_reach_plugin_is_elementor":false,"_links":{"self":[{"href":"https:\/\/ankaekspres.com\/en\/wp-json\/wp\/v2\/pages\/2969","targetHints":{"allow":["GET"]}}],"collection":[{"href":"https:\/\/ankaekspres.com\/en\/wp-json\/wp\/v2\/pages"}],"about":[{"href":"https:\/\/ankaekspres.com\/en\/wp-json\/wp\/v2\/types\/page"}],"author":[{"embeddable":true,"href":"https:\/\/ankaekspres.com\/en\/wp-json\/wp\/v2\/users\/1"}],"replies":[{"embeddable":true,"href":"https:\/\/ankaekspres.com\/en\/wp-json\/wp\/v2\/comments?post=2969"}],"version-history":[{"count":10,"href":"https:\/\/ankaekspres.com\/en\/wp-json\/wp\/v2\/pages\/2969\/revisions"}],"predecessor-version":[{"id":3129,"href":"https:\/\/ankaekspres.com\/en\/wp-json\/wp\/v2\/pages\/2969\/revisions\/3129"}],"wp:attachment":[{"href":"https:\/\/ankaekspres.com\/en\/wp-json\/wp\/v2\/media?parent=2969"}],"curies":[{"name":"wp","href":"https:\/\/api.w.org\/{rel}","templated":true}]}}