{"id":3000,"date":"2025-11-25T20:11:59","date_gmt":"2025-11-25T20:11:59","guid":{"rendered":"https:\/\/ankaekspres.com\/?page_id=3000"},"modified":"2025-12-14T08:56:31","modified_gmt":"2025-12-14T08:56:31","slug":"komple-tasimacilik","status":"publish","type":"page","link":"https:\/\/ankaekspres.com\/en\/komple-tasimacilik\/","title":{"rendered":"Komple Ta\u015f\u0131mac\u0131l\u0131k"},"content":{"rendered":"<div data-elementor-type=\"wp-page\" data-elementor-id=\"3000\" class=\"elementor elementor-3000\">\n\t\t\t\t\t\t<section class=\"elementor-section elementor-top-section elementor-element elementor-element-fc50221 elementor-section-full_width elementor-section-height-default elementor-section-height-default\" data-id=\"fc50221\" data-element_type=\"section\" data-e-type=\"section\">\n\t\t\t\t\t\t<div class=\"elementor-container elementor-column-gap-default\">\n\t\t\t\t\t<div class=\"elementor-column elementor-col-100 elementor-top-column elementor-element elementor-element-60e8e2e\" data-id=\"60e8e2e\" data-element_type=\"column\" data-e-type=\"column\">\n\t\t\t<div class=\"elementor-widget-wrap elementor-element-populated\">\n\t\t\t\t\t\t<div class=\"elementor-element elementor-element-3f6a094 elementor-widget elementor-widget-fastrans_service_details\" data-id=\"3f6a094\" data-element_type=\"widget\" data-e-type=\"widget\" data-widget_type=\"fastrans_service_details.default\">\n\t\t\t\t<div class=\"elementor-widget-container\">\n\t\t\t\t\t\t\n    <!-- Start of Service details section\n\t============================================= -->\n\t<section id=\"ft-service-details\" class=\"ft-service-details-section page-padding\">\n\t\t<div class=\"container\">\n\t\t\t<div class=\"ft-service-details-content\">\n\t\t\t\t<div class=\"row\">\n\t\t\t\t\t                    <div class=\"col-lg-12\">\n\t\t\t\t\t\t<div class=\"ft-service-details-content-wrapper headline pera-content\">\n\t\t\t\t\t\t\t<div class=\"ft-service-details-img-wrapper\">\n\t\t\t\t\t\t\t\t<div class=\"row\">\n\t\t\t\t\t\t\t\t\t                                    <div class=\"col-md-6\">\n\t\t\t\t\t\t\t\t\t\t<div class=\"ft-service-details-img\">\n\t\t\t\t\t\t\t\t\t\t\t<img decoding=\"async\" src=\"https:\/\/ankaekspres.com\/wp-content\/uploads\/2025\/11\/yurtici-tasimacilik-1.png\" alt=\"Awesome Image\">\n\t\t\t\t\t\t\t\t\t\t<\/div>\n\t\t\t\t\t\t\t\t\t<\/div>\n                                                                        \t\t\t\t\t\t\t\t\t<div class=\"col-md-6\">\n\t\t\t\t\t\t\t\t\t\t                                        <div class=\"ft-service-details-img\">\n\t\t\t\t\t\t\t\t\t\t\t<img decoding=\"async\" src=\"https:\/\/ankaekspres.com\/wp-content\/uploads\/2025\/11\/lojistik-yonetimi-1.png\" alt=\"Awesome Image\">\n\t\t\t\t\t\t\t\t\t\t<\/div>\n                                                                                \t\t\t\t\t\t\t\t\t\t<div class=\"ft-service-details-img\">\n\t\t\t\t\t\t\t\t\t\t\t<img decoding=\"async\" src=\"https:\/\/ankaekspres.com\/wp-content\/uploads\/2025\/11\/sliderkamyon.png\" alt=\"Awesome Image\">\n\t\t\t\t\t\t\t\t\t\t<\/div>\n                                        \t\t\t\t\t\t\t\t\t<\/div>\n                                    \t\t\t\t\t\t\t\t<\/div>\n\t\t\t\t\t\t\t<\/div>\n\t\t\t\t\t\t\t<div class=\"ft-service-details-text-wrapper\">\n\t\t\t\t\t\t\t\t<h3>Komple Ta\u015f\u0131mac\u0131l\u0131k<\/h3> \t\t\t\t\t\t\t\t\n\t\t\t\t\t\t\t\t<p>B\u00fcy\u00fck \u00f6l\u00e7ekli lojistik ihtiya\u00e7lar\u0131n\u0131z\u0131n tamam\u0131n\u0131 tek bir \u00e7\u00f6z\u00fcm orta\u011f\u0131 ile y\u00f6netmek art\u0131k \u00e7ok kolay. Anka Ekspres Ta\u015f\u0131mac\u0131l\u0131k olarak sundu\u011fumuz Komple Ta\u015f\u0131mac\u0131l\u0131k Hizmeti, t\u00fcm full kamyon y\u00fck\u00fc (FTL) ve komple ara\u00e7 kiralama gereksinimlerinizi y\u00fcksek kapasite ve kusursuz g\u00fcvenlikle kar\u015f\u0131lamak \u00fczere tasarlanm\u0131\u015ft\u0131r. Bu hizmetimiz, en b\u00fcy\u00fck paletli y\u00fck ve hacimli malzemelerinizin ta\u015f\u0131nmas\u0131nda; zaman\u0131nda teslimat, rota optimizasyonu ve maliyet etkinli\u011fi sunar. \u0130ster yurti\u00e7i \u015fehirler aras\u0131 t\u0131r ta\u015f\u0131mac\u0131l\u0131\u011f\u0131 olsun, ister uluslararas\u0131 rotalar, sekt\u00f6rdeki tecr\u00fcbemizle en zorlu komple y\u00fck sevkiyatlar\u0131n\u0131z\u0131 bile g\u00fcvenle y\u00f6netiyoruz. \u0130\u015fletmenizin tedarik zincirinde aksama ya\u015fanmamas\u0131 i\u00e7in en g\u00fcvenilir komple nakliye \u00e7\u00f6z\u00fcm\u00fc Anka Ekspres'te.<\/p>\n\n<p>Komple Ta\u015f\u0131mac\u0131l\u0131k s\u00fcre\u00e7lerimizde, y\u00fck\u00fcn\u00fcz\u00fcn cinsi ve hassasiyeti ne olursa olsun, en uygun ara\u00e7 tipi ve ekipman tahsis edilir. Tenteli ta\u015f\u0131ma, mega treyler ve \u00f6zel proje y\u00fcklerine y\u00f6nelik \u00e7\u00f6z\u00fcmlerimizle, her t\u00fcrl\u00fc end\u00fcstriyel ve ticari y\u00fck\u00fcn\u00fcz\u00fc g\u00fcvenle ta\u015f\u0131yoruz. T\u00fcm sevkiyatlar, y\u00fck\u00fcn de\u011ferine uygun \u015fekilde sigortalan\u0131r ve modern takip sistemlerimiz arac\u0131l\u0131\u011f\u0131yla size anl\u0131k konum bilgisi sunulur. \u00d6zellikle uluslararas\u0131 karayolu ta\u015f\u0131mac\u0131l\u0131\u011f\u0131 alan\u0131nda sundu\u011fumuz kapsaml\u0131 \u00e7\u00f6z\u00fcmler, g\u00fcmr\u00fckleme ve d\u00f6k\u00fcmantasyon s\u00fcre\u00e7lerini de kapsayarak operasyonel y\u00fck\u00fcn\u00fcz\u00fc hafifletir. Komple y\u00fcklerinizde tam kontrol ve g\u00fcvence i\u00e7in Anka Ekspres\u2019in uzman ekibine g\u00fcvenebilirsiniz.<\/p>\n\n<p>Anka Ekspres\u2019in Komple Ta\u015f\u0131mac\u0131l\u0131k hizmetini tercih etmek, sadece bir nakliye hizmeti almak de\u011fil, ayn\u0131 zamanda lojistik s\u00fcre\u00e7lerinizi optimize etmek anlam\u0131na gelir. Biz, m\u00fc\u015fterilerimize sadece bir ta\u015f\u0131y\u0131c\u0131 de\u011fil, ayn\u0131 zamanda bir \u00e7\u00f6z\u00fcm orta\u011f\u0131 olmay\u0131 hedefliyoruz. Rekabet\u00e7i komple t\u0131r fiyatlar\u0131 ve esnek planlama se\u00e7eneklerimizle b\u00fct\u00e7enize uygun \u00e7\u00f6z\u00fcmler sunar\u0131z. Y\u00fcksek kapasiteli ve s\u00fcrekli yenilenen filomuz, acil ve planl\u0131 t\u00fcm makro lojistik ihtiya\u00e7lar\u0131n\u0131za h\u0131zla cevap verebilecek kapasitededir. Komple y\u00fck\u00fcn\u00fcz i\u00e7in en h\u0131zl\u0131, en g\u00fcvenli ve en ekonomik \u00e7\u00f6z\u00fcm\u00fc hemen \u00f6\u011frenmek i\u00e7in bizimle ileti\u015fime ge\u00e7in ve lojistik y\u00fck\u00fcn\u00fcz\u00fc hafifletin.<\/p>\t\t\t\t\t\t\t\t\n\t\t\t\t\t\t\t\t                                <div class=\"ft-service-details-counter-wrapper\">\n\t\t\t\t\t\t\t\t\t<div class=\"row\">\n\t\t\t\t\t\t\t\t\t\t                                        <div class=\"col-md-6\">\n\t\t\t\t\t\t\t\t\t\t\t<div class=\"ft-service-details-counter-item d-flex align-items-center headline pera-content\">\n\t\t\t\t\t\t\t\t\t\t\t\t<div class=\"ft-service-details-count-icon\">\n\t\t\t\t\t\t\t\t\t\t\t\t\t<i class=\"flaticon-worldwide\"><\/i>\n\t\t\t\t\t\t\t\t\t\t\t\t<\/div>\n\t\t\t\t\t\t\t\t\t\t\t\t<div class=\"ft-service-details-count-text\">\n\t\t\t\t\t\t\t\t\t\t\t\t\t<h4 class=\"title text-uppercase\">M\u00fc\u015fteri Say\u0131s\u0131<\/h4>\n\t\t\t\t\t\t\t\t\t\t\t\t\t<h4 class=\"count-number\"><span class=\"count\">158<\/span>+<\/h4>\n\t\t\t\t\t\t\t\t\t\t\t\t\t<p><\/p>\n\t\t\t\t\t\t\t\t\t\t\t\t<\/div>\n\t\t\t\t\t\t\t\t\t\t\t<\/div>\n\t\t\t\t\t\t\t\t\t\t<\/div>\n                                                                                <div class=\"col-md-6\">\n\t\t\t\t\t\t\t\t\t\t\t<div class=\"ft-service-details-counter-item d-flex align-items-center headline pera-content\">\n\t\t\t\t\t\t\t\t\t\t\t\t<div class=\"ft-service-details-count-icon\">\n\t\t\t\t\t\t\t\t\t\t\t\t\t<i class=\"flaticon-logistics\"><\/i>\n\t\t\t\t\t\t\t\t\t\t\t\t<\/div>\n\t\t\t\t\t\t\t\t\t\t\t\t<div class=\"ft-service-details-count-text\">\n\t\t\t\t\t\t\t\t\t\t\t\t\t<h4 class=\"title text-uppercase\">Ba\u015far\u0131l\u0131 Proje<\/h4>\n\t\t\t\t\t\t\t\t\t\t\t\t\t<h4 class=\"count-number\"><span class=\"count\">2000<\/span>+<\/h4>\n\t\t\t\t\t\t\t\t\t\t\t\t\t<p><\/p>\n\t\t\t\t\t\t\t\t\t\t\t\t<\/div>\n\t\t\t\t\t\t\t\t\t\t\t<\/div>\n\t\t\t\t\t\t\t\t\t\t<\/div>\n                                        \t\t\t\t\t\t\t\t\t<\/div>\n\t\t\t\t\t\t\t\t<\/div>\n\t\t\t\t\t\t\t\t\t\t\t\t\t\t\t\t                                \t\t\t\t\t\t\t\t    \t\n\t\t\t\t\t\t\t<\/div>\n\t\t\t\t\t\t<\/div>\n\t\t\t\t\t<\/div>\n\t\t\t\t<\/div>\n\t\t\t<\/div>\n\t\t<\/div>\n\t<\/section>\t\n\t<!-- End of Service details section\n\t============================================= -->\n    \n    \t\t\t\t<\/div>\n\t\t\t\t<\/div>\n\t\t\t\t\t<\/div>\n\t\t<\/div>\n\t\t\t\t\t<\/div>\n\t\t<\/section>\n\t\t\t\t<\/div>","protected":false},"excerpt":{"rendered":"<p>Komple Ta\u015f\u0131mac\u0131l\u0131k B\u00fcy\u00fck \u00f6l\u00e7ekli lojistik ihtiya\u00e7lar\u0131n\u0131z\u0131n tamam\u0131n\u0131 tek bir \u00e7\u00f6z\u00fcm orta\u011f\u0131 ile y\u00f6netmek art\u0131k \u00e7ok kolay. Anka Ekspres Ta\u015f\u0131mac\u0131l\u0131k olarak sundu\u011fumuz Komple Ta\u015f\u0131mac\u0131l\u0131k Hizmeti, t\u00fcm full kamyon y\u00fck\u00fc (FTL) ve komple ara\u00e7 kiralama gereksinimlerinizi y\u00fcksek kapasite ve kusursuz g\u00fcvenlikle kar\u015f\u0131lamak \u00fczere tasarlanm\u0131\u015ft\u0131r. Bu hizmetimiz, en b\u00fcy\u00fck paletli y\u00fck ve hacimli malzemelerinizin ta\u015f\u0131nmas\u0131nda; zaman\u0131nda teslimat, rota [&hellip;]<\/p>","protected":false},"author":1,"featured_media":0,"parent":0,"menu_order":0,"comment_status":"closed","ping_status":"closed","template":"tpl-default-elementor.php","meta":{"om_disable_all_campaigns":false,"_monsterinsights_skip_tracking":false,"_monsterinsights_sitenote_active":false,"_monsterinsights_sitenote_note":"","_monsterinsights_sitenote_category":0,"footnotes":""},"class_list":["post-3000","page","type-page","status-publish","hentry"],"aioseo_notices":[],"_hostinger_reach_plugin_has_subscription_block":false,"_hostinger_reach_plugin_is_elementor":false,"_links":{"self":[{"href":"https:\/\/ankaekspres.com\/en\/wp-json\/wp\/v2\/pages\/3000","targetHints":{"allow":["GET"]}}],"collection":[{"href":"https:\/\/ankaekspres.com\/en\/wp-json\/wp\/v2\/pages"}],"about":[{"href":"https:\/\/ankaekspres.com\/en\/wp-json\/wp\/v2\/types\/page"}],"author":[{"embeddable":true,"href":"https:\/\/ankaekspres.com\/en\/wp-json\/wp\/v2\/users\/1"}],"replies":[{"embeddable":true,"href":"https:\/\/ankaekspres.com\/en\/wp-json\/wp\/v2\/comments?post=3000"}],"version-history":[{"count":10,"href":"https:\/\/ankaekspres.com\/en\/wp-json\/wp\/v2\/pages\/3000\/revisions"}],"predecessor-version":[{"id":3135,"href":"https:\/\/ankaekspres.com\/en\/wp-json\/wp\/v2\/pages\/3000\/revisions\/3135"}],"wp:attachment":[{"href":"https:\/\/ankaekspres.com\/en\/wp-json\/wp\/v2\/media?parent=3000"}],"curies":[{"name":"wp","href":"https:\/\/api.w.org\/{rel}","templated":true}]}}