{"id":430,"date":"2021-10-04T08:22:44","date_gmt":"2021-10-04T08:22:44","guid":{"rendered":"https:\/\/themexriver.com\/wp\/fastrans\/?page_id=430"},"modified":"2025-11-27T18:38:54","modified_gmt":"2025-11-27T18:38:54","slug":"kurumsal","status":"publish","type":"page","link":"https:\/\/ankaekspres.com\/en\/kurumsal\/","title":{"rendered":"About us"},"content":{"rendered":"<div data-elementor-type=\"wp-page\" data-elementor-id=\"430\" class=\"elementor elementor-430\">\n\t\t\t\t\t\t<section class=\"elementor-section elementor-top-section elementor-element elementor-element-231da23 elementor-section-full_width elementor-section-height-default elementor-section-height-default\" data-id=\"231da23\" data-element_type=\"section\" data-e-type=\"section\">\n\t\t\t\t\t\t<div class=\"elementor-container elementor-column-gap-default\">\n\t\t\t\t\t<div class=\"elementor-column elementor-col-100 elementor-top-column elementor-element elementor-element-5ef2a3a\" data-id=\"5ef2a3a\" data-element_type=\"column\" data-e-type=\"column\">\n\t\t\t<div class=\"elementor-widget-wrap elementor-element-populated\">\n\t\t\t\t\t\t<div class=\"elementor-element elementor-element-b606a99 elementor-widget elementor-widget-fastrans_about_us_v2\" data-id=\"b606a99\" data-element_type=\"widget\" data-e-type=\"widget\" data-widget_type=\"fastrans_about_us_v2.default\">\n\t\t\t\t<div class=\"elementor-widget-container\">\n\t\t\t\t\t\n    <!-- Start of About section\n\t============================================= -->\n\t<section id=\"ft-about\" class=\"ft-about-section\">\n\t\t<div class=\"container\">\n\t\t\t<div class=\"ft-about-content\">\n\t\t\t\t<div class=\"row\">\n\t\t\t\t\t<div class=\"col-lg-6 wow fadeInLeft\" data-wow-delay=\"0ms\" data-wow-duration=\"1500ms\">\n\t\t\t\t\t\t<div class=\"ft-about-img-exp position-relative\">\n\t\t\t\t\t\t\t                            <div class=\"ft-about-exp-area headline pera-content position-absolute\">\n\t\t\t\t\t\t\t\t<div class=\"ft-about-exp-img\">\n\t\t\t\t\t\t\t\t\t<img decoding=\"async\" src=\"https:\/\/ankaekspres.com\/wp-content\/themes\/fastrans\/assets\/images\/shape\/exp-sh1.png\" alt=\"Awesome Image\">\n\t\t\t\t\t\t\t\t<\/div>\n\t\t\t\t\t\t\t\t<div class=\"ft-about-exp-text position-absolute\">\n\t\t\t\t\t\t\t\t\t<h3><span class=\"counter\">31<\/span><b>+<\/b> Y\u0131ll\u0131k<\/h3>\n\t\t\t\t\t\t\t\t\t<p>Deneyim Fark\u0131yla<\/p>\t\t\t\t\t\t\t\t<\/div>\n\t\t\t\t\t\t\t<\/div>\n                            \t\t\t\t\t\t\t                            <div class=\"ft-about-img\">\n                                <img decoding=\"async\" src=\"https:\/\/ankaekspres.com\/wp-content\/uploads\/2021\/10\/ab1.png\" alt=\"Awesome Image\">\n                            <\/div>\n                            \t\t\t\t\t\t<\/div>\n\t\t\t\t\t<\/div>\n\t\t\t\t\t<div class=\"col-lg-6\">\n\t\t\t\t\t\t<div class=\"ft-about-text-wrapper\">\n\t\t\t\t\t\t\t                            <div class=\"ft-section-title headline pera-content\">\n\t\t\t\t\t\t\t\t<span class=\"sub-title\">About us<\/span>\t\t\t\t\t\t\t\t<h2>Lojistikte G\u00fcvenilir Adres: Anka Ekspres Ta\u015f\u0131mac\u0131l\u0131k<\/h2>\t\t\t\t\t\t\t\t<p>\n\n<p>1994 y\u0131l\u0131nda temelleri at\u0131lan lojistik faaliyetlerimiz, tenteli ve a\u00e7\u0131k ara\u00e7larla ba\u015flayan operasyonlar\u0131m\u0131zdan bug\u00fcn geni\u015f kapsaml\u0131 bir ta\u015f\u0131mac\u0131l\u0131k a\u011f\u0131na d\u00f6n\u00fc\u015fm\u00fc\u015ft\u00fcr. T\u00fcrkiye genelinde komple ve parsiyel y\u00fck ta\u015f\u0131mac\u0131l\u0131\u011f\u0131nda fark yaratmay\u0131 ama\u00e7layan firmam\u0131z, etkin rota planlamas\u0131 ve profesyonel operasyon y\u00f6netimiyle m\u00fc\u015fterilerine g\u00fcvenilir, h\u0131zl\u0131 ve maliyet avantaj\u0131 sunan \u00e7\u00f6z\u00fcmler sa\u011flamaktad\u0131r.<\/p>\n\n<p>Kuruldu\u011fumuz g\u00fcnden bu yana benimsedi\u011fimiz \u201cuzaklar\u0131 yak\u0131nla\u015ft\u0131ran hizmet anlay\u0131\u015f\u0131\u201d, m\u00fc\u015fterilerimizle s\u00fcrd\u00fcr\u00fclebilir, \u015feffaf ve uzun vadeli i\u015f ortakl\u0131klar\u0131 kurmam\u0131za olanak tan\u0131m\u0131\u015ft\u0131r.<\/p>\n\n<p>Artan pazar ihtiyac\u0131na paralel olarak 2004 y\u0131l\u0131nda so\u011fuk zincir ta\u015f\u0131mac\u0131l\u0131\u011f\u0131 alan\u0131na yapt\u0131\u011f\u0131m\u0131z yat\u0131r\u0131m, frigorifik ta\u015f\u0131mac\u0131l\u0131kta g\u00fc\u00e7l\u00fc bir uzmanl\u0131k geli\u015ftirmemizi sa\u011flam\u0131\u015f; bu hizmetimizi g\u00fcn\u00fcm\u00fcze kadar kesintisiz s\u00fcrd\u00fcrmemize imk\u00e2n tan\u0131m\u0131\u015ft\u0131r. T\u00fcrkiye\u2019nin \u00f6nde gelen markalar\u0131na tedarik\u00e7ilik yaparak edindi\u011fimiz geni\u015f sekt\u00f6rel deneyim, vizyonumuzu s\u00fcrekli geli\u015ftirmemizin temel itici g\u00fcc\u00fc olmu\u015ftur.<\/p>\n\n<p>2018 y\u0131l\u0131 itibar\u0131yla kendi ismimizle sekt\u00f6rdeki yerimizi alarak, gen\u00e7, dinamik ve uzman kadromuzla lojistik sekt\u00f6r\u00fcnde kurumsal standartlar\u0131 yeniden tan\u0131mlamay\u0131 hedefledik. Bug\u00fcn firmam\u0131z; so\u011fuk, donuk ve tenteli kuru g\u0131da ta\u015f\u0131mac\u0131l\u0131\u011f\u0131, depolama \u00e7\u00f6z\u00fcmleri, parsiyel ve komple lojistik operasyonlar\u0131 gibi geni\u015f bir hizmet yelpazesini entegre bir yap\u0131 i\u00e7erisinde y\u00f6netebilecek kapasiteye sahiptir.<\/p>\n\n<p>\u00d6nceli\u011fimiz; y\u00fcklerinizi teslim ald\u0131\u011f\u0131m\u0131z andan itibaren t\u00fcm s\u00fcre\u00e7leri titizlikle y\u00f6neterek, h\u0131zl\u0131, g\u00fcvenli ve eksiksiz bir teslimat ger\u00e7ekle\u015ftirmek ve m\u00fc\u015fteri memnuniyetini en \u00fcst seviyede tutmakt\u0131r.<\/p>\n\n<p>Sekt\u00f6rdeki deneyimimiz, operasyonel g\u00fcc\u00fcm\u00fcz ve kurumsal hizmet anlay\u0131\u015f\u0131m\u0131zla, m\u00fc\u015fterilerimize yaln\u0131zca bir ta\u015f\u0131ma hizmeti de\u011fil; de\u011fer katan, g\u00fcven veren ve s\u00fcrd\u00fcr\u00fclebilir bir lojistik \u00e7\u00f6z\u00fcm ortakl\u0131\u011f\u0131 sunmaya devam ediyoruz.<\/p> <\/p>\t\t\t\t\t\t\t<\/div>\n                            \t\t\t\t\t\t\t<div class=\"ft-about-feature-list-warpper\">\n\t\t\t\t\t\t\t\t                                <div class=\"ft-about-feature-list-item d-flex align-items-center wow fadeInUp\" data-wow-delay=\"0ms\" data-wow-duration=\"1500ms\">\n\t\t\t\t\t\t\t\t\t<div class=\"ft-about-feature-icon d-flex align-items-center justify-content-center\">\n\t\t\t\t\t\t\t\t\t\t<i class=\"flaticon-place\"><\/i>\n\t\t\t\t\t\t\t\t\t<\/div>\n\t\t\t\t\t\t\t\t\t<div class=\"ft-about-feature-text headline pera-content\">\n\t\t\t\t\t\t\t\t\t\t<h3>Hizmet Verdi\u011fimiz B\u00f6lgeler<\/h3>\n\t\t\t\t\t\t\t\t\t\t<p>T\u00fcrkiye&#039;nin her b\u00f6lgesine lojistik \u00e7\u00f6z\u00fcm\u00fc sa\u011flamaktay\u0131z.<\/p>\n\t\t\t\t\t\t\t\t\t<\/div>\n\t\t\t\t\t\t\t\t<\/div>\n                                \n                                \t\t\t\t\t\t\t\t<div class=\"ft-btn wow fadeInUp\" data-wow-delay=\"300ms\" data-wow-duration=\"1500ms\">\n\t\t\t\t\t\t\t\t\t<a class=\"d-flex justify-content-center align-items-center\" href=\"https:\/\/ankaekspres.com\/en\/iletisim\/\">\u0130leti\u015fim<\/a>\n\t\t\t\t\t\t\t\t<\/div>\n                                \t\t\t\t\t\t\t<\/div>\n\t\t\t\t\t\t<\/div>\n\t\t\t\t\t<\/div>\n\t\t\t\t<\/div>\n\t\t\t<\/div>\n\t\t<\/div>\n\t<\/section>\n\t<!-- End of About section\n\t============================================= -->\n\n    \t\t\t\t<\/div>\n\t\t\t\t<\/div>\n\t\t\t\t\t<\/div>\n\t\t<\/div>\n\t\t\t\t\t<\/div>\n\t\t<\/section>\n\t\t<div class=\"elementor-element elementor-element-66990ec e-flex e-con-boxed e-con e-parent\" data-id=\"66990ec\" data-element_type=\"container\" data-e-type=\"container\">\n\t\t\t\t\t<div class=\"e-con-inner\">\n\t\t\t\t<div class=\"elementor-element elementor-element-a14ec59 elementor-widget elementor-widget-spacer\" data-id=\"a14ec59\" data-element_type=\"widget\" data-e-type=\"widget\" data-widget_type=\"spacer.default\">\n\t\t\t\t\t\t\t<div class=\"elementor-spacer\">\n\t\t\t<div class=\"elementor-spacer-inner\"><\/div>\n\t\t<\/div>\n\t\t\t\t\t\t<\/div>\n\t\t\t\t\t<\/div>\n\t\t\t\t<\/div>\n\t\t\t\t<\/div>","protected":false},"excerpt":{"rendered":"<p>31+ Y\u0131ll\u0131k Deneyim Fark\u0131yla Kurumsal Lojistikte G\u00fcvenilir Adres: Anka Ekspres Ta\u015f\u0131mac\u0131l\u0131k 1994 y\u0131l\u0131nda temelleri at\u0131lan lojistik faaliyetlerimiz, tenteli ve a\u00e7\u0131k ara\u00e7larla ba\u015flayan operasyonlar\u0131m\u0131zdan bug\u00fcn geni\u015f kapsaml\u0131 bir ta\u015f\u0131mac\u0131l\u0131k a\u011f\u0131na d\u00f6n\u00fc\u015fm\u00fc\u015ft\u00fcr. T\u00fcrkiye genelinde komple ve parsiyel y\u00fck ta\u015f\u0131mac\u0131l\u0131\u011f\u0131nda fark yaratmay\u0131 ama\u00e7layan firmam\u0131z, etkin rota planlamas\u0131 ve profesyonel operasyon y\u00f6netimiyle m\u00fc\u015fterilerine g\u00fcvenilir, h\u0131zl\u0131 ve maliyet avantaj\u0131 sunan [&hellip;]<\/p>","protected":false},"author":1,"featured_media":0,"parent":0,"menu_order":0,"comment_status":"closed","ping_status":"closed","template":"tpl-default-elementor.php","meta":{"om_disable_all_campaigns":false,"_monsterinsights_skip_tracking":false,"_monsterinsights_sitenote_active":false,"_monsterinsights_sitenote_note":"","_monsterinsights_sitenote_category":0,"footnotes":""},"class_list":["post-430","page","type-page","status-publish","hentry"],"aioseo_notices":[],"_hostinger_reach_plugin_has_subscription_block":false,"_hostinger_reach_plugin_is_elementor":false,"_links":{"self":[{"href":"https:\/\/ankaekspres.com\/en\/wp-json\/wp\/v2\/pages\/430","targetHints":{"allow":["GET"]}}],"collection":[{"href":"https:\/\/ankaekspres.com\/en\/wp-json\/wp\/v2\/pages"}],"about":[{"href":"https:\/\/ankaekspres.com\/en\/wp-json\/wp\/v2\/types\/page"}],"author":[{"embeddable":true,"href":"https:\/\/ankaekspres.com\/en\/wp-json\/wp\/v2\/users\/1"}],"replies":[{"embeddable":true,"href":"https:\/\/ankaekspres.com\/en\/wp-json\/wp\/v2\/comments?post=430"}],"version-history":[{"count":14,"href":"https:\/\/ankaekspres.com\/en\/wp-json\/wp\/v2\/pages\/430\/revisions"}],"predecessor-version":[{"id":2961,"href":"https:\/\/ankaekspres.com\/en\/wp-json\/wp\/v2\/pages\/430\/revisions\/2961"}],"wp:attachment":[{"href":"https:\/\/ankaekspres.com\/en\/wp-json\/wp\/v2\/media?parent=430"}],"curies":[{"name":"wp","href":"https:\/\/api.w.org\/{rel}","templated":true}]}}