{"id":515,"date":"2021-10-04T13:38:13","date_gmt":"2021-10-04T13:38:13","guid":{"rendered":"https:\/\/themexriver.com\/wp\/fastrans\/?page_id=515"},"modified":"2025-11-27T17:46:31","modified_gmt":"2025-11-27T17:46:31","slug":"belgelerimiz","status":"publish","type":"page","link":"https:\/\/ankaekspres.com\/en\/belgelerimiz\/","title":{"rendered":"Our Documents"},"content":{"rendered":"<div data-elementor-type=\"wp-page\" data-elementor-id=\"515\" class=\"elementor elementor-515\">\n\t\t\t\t\t\t<section class=\"elementor-section elementor-top-section elementor-element elementor-element-3ed79d9 elementor-section-boxed elementor-section-height-default elementor-section-height-default\" data-id=\"3ed79d9\" data-element_type=\"section\" data-e-type=\"section\">\n\t\t\t\t\t\t<div class=\"elementor-container elementor-column-gap-default\">\n\t\t\t\t\t<div class=\"elementor-column elementor-col-100 elementor-top-column elementor-element elementor-element-c93ca3f\" data-id=\"c93ca3f\" data-element_type=\"column\" data-e-type=\"column\">\n\t\t\t<div class=\"elementor-widget-wrap elementor-element-populated\">\n\t\t\t\t\t\t<div class=\"elementor-element elementor-element-84b75ee elementor-widget elementor-widget-fastrans_our_team_v2\" data-id=\"84b75ee\" data-element_type=\"widget\" data-e-type=\"widget\" data-widget_type=\"fastrans_our_team_v2.default\">\n\t\t\t\t<div class=\"elementor-widget-container\">\n\t\t\t\t\t\t\t\n        <!-- Start of Team  page section\n        ============================================= -->\n        <section id=\"ft-team-page\" class=\"ft-team-page-section page-padding\">\n            <div class=\"container\">\n                <div class=\"ft-team-content\">\n                    <div class=\"row\">\n                                                <div class=\"col-lg-3 col-md-6 col-sm-6\">\n                            <div class=\"ft-team-inner-itembox position-relative\">\n                                                                <span class=\"hover-shape position-absolute\"><img decoding=\"async\" src=\"https:\/\/ankaekspres.com\/wp-content\/themes\/fastrans\/assets\/images\/shape\/tm-sh.png\" alt=\"Awesome Image\"><\/span>\n                                <div class=\"ft-team-inner-item-img\">\n                                    <img fetchpriority=\"high\" decoding=\"async\" width=\"270\" height=\"330\" src=\"https:\/\/ankaekspres.com\/wp-content\/uploads\/2025\/12\/kobi-belgesi-anka-1-270x330.png\" class=\"attachment-fastrans_270x330 size-fastrans_270x330 wp-post-image\" alt=\"\" \/>                                <\/div>\n                                                                <div class=\"ft-team-inner-item-text headline\">\n                                    <h3><a href=\"\">Kobi Belgesi<\/a><\/h3>\n                                    <span><\/span>\n                                <\/div>\n                            <\/div>\n                        <\/div>\n                                                <div class=\"col-lg-3 col-md-6 col-sm-6\">\n                            <div class=\"ft-team-inner-itembox position-relative\">\n                                                                <span class=\"hover-shape position-absolute\"><img decoding=\"async\" src=\"https:\/\/ankaekspres.com\/wp-content\/themes\/fastrans\/assets\/images\/shape\/tm-sh.png\" alt=\"Awesome Image\"><\/span>\n                                <div class=\"ft-team-inner-item-img\">\n                                    <img decoding=\"async\" width=\"270\" height=\"330\" src=\"https:\/\/ankaekspres.com\/wp-content\/uploads\/2025\/12\/yetki-belgesi-anka-2-270x330.png\" class=\"attachment-fastrans_270x330 size-fastrans_270x330 wp-post-image\" alt=\"\" \/>                                <\/div>\n                                                                <div class=\"ft-team-inner-item-text headline\">\n                                    <h3><a href=\"\">Yetki Belgesi<\/a><\/h3>\n                                    <span><\/span>\n                                <\/div>\n                            <\/div>\n                        <\/div>\n                                            <\/div>\n                                        <div class=\"ft-pagination-item text-center ul-li\">\n                                            <\/div>\n                                    <\/div>\n            <\/div>\n        <\/section>\t\n    \t<!-- End of Team  page section\n        ============================================= -->\n                         \n        \t\t\t\t<\/div>\n\t\t\t\t<\/div>\n\t\t\t\t\t<\/div>\n\t\t<\/div>\n\t\t\t\t\t<\/div>\n\t\t<\/section>\n\t\t\t\t<\/div>","protected":false},"excerpt":{"rendered":"<p>ISO 9001 Sertifikas\u0131 BRC Global Depolama ve Da\u011f\u0131t\u0131m Sertifikas\u0131 Kalite ve BGYS Politikas\u0131 Kalite Politikas\u0131<\/p>","protected":false},"author":1,"featured_media":0,"parent":0,"menu_order":0,"comment_status":"closed","ping_status":"closed","template":"tpl-default-elementor.php","meta":{"om_disable_all_campaigns":false,"_monsterinsights_skip_tracking":false,"_monsterinsights_sitenote_active":false,"_monsterinsights_sitenote_note":"","_monsterinsights_sitenote_category":0,"footnotes":""},"class_list":["post-515","page","type-page","status-publish","hentry"],"aioseo_notices":[],"_hostinger_reach_plugin_has_subscription_block":false,"_hostinger_reach_plugin_is_elementor":false,"_links":{"self":[{"href":"https:\/\/ankaekspres.com\/en\/wp-json\/wp\/v2\/pages\/515","targetHints":{"allow":["GET"]}}],"collection":[{"href":"https:\/\/ankaekspres.com\/en\/wp-json\/wp\/v2\/pages"}],"about":[{"href":"https:\/\/ankaekspres.com\/en\/wp-json\/wp\/v2\/types\/page"}],"author":[{"embeddable":true,"href":"https:\/\/ankaekspres.com\/en\/wp-json\/wp\/v2\/users\/1"}],"replies":[{"embeddable":true,"href":"https:\/\/ankaekspres.com\/en\/wp-json\/wp\/v2\/comments?post=515"}],"version-history":[{"count":7,"href":"https:\/\/ankaekspres.com\/en\/wp-json\/wp\/v2\/pages\/515\/revisions"}],"predecessor-version":[{"id":2871,"href":"https:\/\/ankaekspres.com\/en\/wp-json\/wp\/v2\/pages\/515\/revisions\/2871"}],"wp:attachment":[{"href":"https:\/\/ankaekspres.com\/en\/wp-json\/wp\/v2\/media?parent=515"}],"curies":[{"name":"wp","href":"https:\/\/api.w.org\/{rel}","templated":true}]}}