{"id":689,"date":"2021-10-05T12:52:39","date_gmt":"2021-10-05T12:52:39","guid":{"rendered":"https:\/\/themexriver.com\/wp\/fastrans\/?page_id=689"},"modified":"2025-11-27T18:36:56","modified_gmt":"2025-11-27T18:36:56","slug":"blog","status":"publish","type":"page","link":"https:\/\/ankaekspres.com\/en\/blog\/","title":{"rendered":"Blog"},"content":{"rendered":"<div data-elementor-type=\"wp-page\" data-elementor-id=\"689\" class=\"elementor elementor-689\">\n\t\t\t\t<div class=\"elementor-element elementor-element-acfd7f5 e-flex e-con-boxed e-con e-parent\" data-id=\"acfd7f5\" data-element_type=\"container\" data-e-type=\"container\">\n\t\t\t\t\t<div class=\"e-con-inner\">\n\t\t\t\t<div class=\"elementor-element elementor-element-42f007d elementor-widget elementor-widget-spacer\" data-id=\"42f007d\" data-element_type=\"widget\" data-e-type=\"widget\" data-widget_type=\"spacer.default\">\n\t\t\t\t\t\t\t<div class=\"elementor-spacer\">\n\t\t\t<div class=\"elementor-spacer-inner\"><\/div>\n\t\t<\/div>\n\t\t\t\t\t\t<\/div>\n\t\t\t\t<div class=\"elementor-element elementor-element-c5d2b47 elementor-widget elementor-widget-hfe-basic-posts\" data-id=\"c5d2b47\" data-element_type=\"widget\" data-e-type=\"widget\" data-widget_type=\"hfe-basic-posts.default\">\n\t\t\t\t<div class=\"elementor-widget-container\">\n\t\t\t\t\t\n<div class=\"hfe-posts-grid\">\n\t\t\t<article class=\"hfe-post-card\">\n\t\t\t\t\t\t\t<div class=\"hfe-post-image\">\n\t\t\t\t\t<a href=\"https:\/\/ankaekspres.com\/en\/5pl-lojistik-nedir-e-ticaret-caginda-tedarik-zinciri-otomasyonu\/\" rel=\"bookmark\">\n\t\t\t\t\t\t<img loading=\"lazy\" decoding=\"async\" width=\"300\" height=\"164\" src=\"https:\/\/ankaekspres.com\/wp-content\/uploads\/2025\/11\/5pl-300x164.png\" class=\"attachment-medium size-medium wp-post-image\" alt=\"5PL Lojistik Nedir? E-Ticaret \u00c7a\u011f\u0131nda Tedarik Zinciri Otomasyonu\" srcset=\"https:\/\/ankaekspres.com\/wp-content\/uploads\/2025\/11\/5pl-300x164.png 300w, https:\/\/ankaekspres.com\/wp-content\/uploads\/2025\/11\/5pl-1024x559.png 1024w, https:\/\/ankaekspres.com\/wp-content\/uploads\/2025\/11\/5pl-768x419.png 768w, https:\/\/ankaekspres.com\/wp-content\/uploads\/2025\/11\/5pl-1536x838.png 1536w, https:\/\/ankaekspres.com\/wp-content\/uploads\/2025\/11\/5pl-2048x1117.png 2048w, https:\/\/ankaekspres.com\/wp-content\/uploads\/2025\/11\/5pl-570x310.png 570w, https:\/\/ankaekspres.com\/wp-content\/uploads\/2025\/11\/5pl-600x327.png 600w\" sizes=\"auto, (max-width: 300px) 100vw, 300px\" \/>\t\t\t\t\t<\/a>\n\t\t\t\t<\/div>\n\t\t\t\n\t\t\t<div class=\"hfe-post-content\">\n\t\t\t\t\t\t\t\t\t<h3 class=\"hfe-post-title\">\n\t\t\t\t\t\t<a href=\"https:\/\/ankaekspres.com\/en\/5pl-lojistik-nedir-e-ticaret-caginda-tedarik-zinciri-otomasyonu\/\" rel=\"bookmark\">\n\t\t\t\t\t\t\t5PL Lojistik Nedir? E-Ticaret \u00c7a\u011f\u0131nda Tedarik Zinciri Otomasyonu\t\t\t\t\t\t<\/a>\n\t\t\t\t\t<\/h3>\n\t\t\t\t\n\t\t\t\t\t\t\t\t\t<div class=\"hfe-post-meta\">\n\t\t\t\t\t\t<span class=\"hfe-post-date\">November 23, 2025<\/span><span class=\"hfe-meta-separator\"> | <\/span><span class=\"hfe-post-author\">by Anka<\/span>\t\t\t\t\t<\/div>\n\t\t\t\t\n\t\t\t\t\t\t\t\t\t<div class=\"hfe-post-excerpt\">\n\t\t\t\t\t\tLojistik d\u00fcnyas\u0131, teknolojinin ve t\u00fcketici al\u0131\u015fkanl\u0131klar\u0131n\u0131n de\u011fi\u015fmesiyle birlikte s\u00fcrekli bir evrim ge\u00e7irmektedir. E-ticaretin patlamas\u0131 ve dijitalle\u015fmenin h\u0131zlanmas\u0131yla birlikte ortaya \u00e7\u0131kan...\t\t\t\t\t<\/div>\n\t\t\t\t\n\t\t\t\t\t\t\t\t\t<a href=\"https:\/\/ankaekspres.com\/en\/5pl-lojistik-nedir-e-ticaret-caginda-tedarik-zinciri-otomasyonu\/\" class=\"hfe-read-more\" rel=\"bookmark\">\n\t\t\t\t\t\tDevam\u0131 \u2192\t\t\t\t\t<\/a>\n\t\t\t\t\t\t\t<\/div>\n\t\t<\/article>\n\t\t\t\t<article class=\"hfe-post-card\">\n\t\t\t\t\t\t\t<div class=\"hfe-post-image\">\n\t\t\t\t\t<a href=\"https:\/\/ankaekspres.com\/en\/4pl-lojistik-tedarik-zincirinizde-stratejik-yonetim-ve-entegrasyon-gucu\/\" rel=\"bookmark\">\n\t\t\t\t\t\t<img loading=\"lazy\" decoding=\"async\" width=\"300\" height=\"164\" src=\"https:\/\/ankaekspres.com\/wp-content\/uploads\/2025\/11\/4pl-300x164.png\" class=\"attachment-medium size-medium wp-post-image\" alt=\"4PL Lojistik: Tedarik Zincirinizde Stratejik Y\u00f6netim ve Entegrasyon G\u00fcc\u00fc\" srcset=\"https:\/\/ankaekspres.com\/wp-content\/uploads\/2025\/11\/4pl-300x164.png 300w, https:\/\/ankaekspres.com\/wp-content\/uploads\/2025\/11\/4pl-1024x559.png 1024w, https:\/\/ankaekspres.com\/wp-content\/uploads\/2025\/11\/4pl-768x419.png 768w, https:\/\/ankaekspres.com\/wp-content\/uploads\/2025\/11\/4pl-1536x838.png 1536w, https:\/\/ankaekspres.com\/wp-content\/uploads\/2025\/11\/4pl-2048x1117.png 2048w, https:\/\/ankaekspres.com\/wp-content\/uploads\/2025\/11\/4pl-570x310.png 570w, https:\/\/ankaekspres.com\/wp-content\/uploads\/2025\/11\/4pl-600x327.png 600w\" sizes=\"auto, (max-width: 300px) 100vw, 300px\" \/>\t\t\t\t\t<\/a>\n\t\t\t\t<\/div>\n\t\t\t\n\t\t\t<div class=\"hfe-post-content\">\n\t\t\t\t\t\t\t\t\t<h3 class=\"hfe-post-title\">\n\t\t\t\t\t\t<a href=\"https:\/\/ankaekspres.com\/en\/4pl-lojistik-tedarik-zincirinizde-stratejik-yonetim-ve-entegrasyon-gucu\/\" rel=\"bookmark\">\n\t\t\t\t\t\t\t4PL Lojistik: Tedarik Zincirinizde Stratejik Y\u00f6netim ve Entegrasyon G\u00fcc\u00fc\t\t\t\t\t\t<\/a>\n\t\t\t\t\t<\/h3>\n\t\t\t\t\n\t\t\t\t\t\t\t\t\t<div class=\"hfe-post-meta\">\n\t\t\t\t\t\t<span class=\"hfe-post-date\">November 22, 2025<\/span><span class=\"hfe-meta-separator\"> | <\/span><span class=\"hfe-post-author\">by Anka<\/span>\t\t\t\t\t<\/div>\n\t\t\t\t\n\t\t\t\t\t\t\t\t\t<div class=\"hfe-post-excerpt\">\n\t\t\t\t\t\tG\u00fcn\u00fcm\u00fcz\u00fcn karma\u015f\u0131k ticaret d\u00fcnyas\u0131nda, \u00fcr\u00fcnlerin sadece A noktas\u0131ndan B noktas\u0131na ta\u015f\u0131nmas\u0131 i\u015fletmeler i\u00e7in art\u0131k yeterli de\u011fildir. Rekabet avantaj\u0131 elde etmek...\t\t\t\t\t<\/div>\n\t\t\t\t\n\t\t\t\t\t\t\t\t\t<a href=\"https:\/\/ankaekspres.com\/en\/4pl-lojistik-tedarik-zincirinizde-stratejik-yonetim-ve-entegrasyon-gucu\/\" class=\"hfe-read-more\" rel=\"bookmark\">\n\t\t\t\t\t\tDevam\u0131 \u2192\t\t\t\t\t<\/a>\n\t\t\t\t\t\t\t<\/div>\n\t\t<\/article>\n\t\t\t\t<article class=\"hfe-post-card\">\n\t\t\t\t\t\t\t<div class=\"hfe-post-image\">\n\t\t\t\t\t<a href=\"https:\/\/ankaekspres.com\/en\/kobiler-icin-tersine-lojistik-ve-maliyet-avantaji\/\" rel=\"bookmark\">\n\t\t\t\t\t\t<img loading=\"lazy\" decoding=\"async\" width=\"300\" height=\"171\" src=\"https:\/\/ankaekspres.com\/wp-content\/uploads\/2021\/10\/fb4-300x171.jpg\" class=\"attachment-medium size-medium wp-post-image\" alt=\"KOB\u0130\u2019ler \u0130\u00e7in Tersine Lojistik ve Maliyet Avantaj\u0131\" srcset=\"https:\/\/ankaekspres.com\/wp-content\/uploads\/2021\/10\/fb4-300x171.jpg 300w, https:\/\/ankaekspres.com\/wp-content\/uploads\/2021\/10\/fb4-600x343.jpg 600w, https:\/\/ankaekspres.com\/wp-content\/uploads\/2021\/10\/fb4-768x439.jpg 768w, https:\/\/ankaekspres.com\/wp-content\/uploads\/2021\/10\/fb4.jpg 770w\" sizes=\"auto, (max-width: 300px) 100vw, 300px\" \/>\t\t\t\t\t<\/a>\n\t\t\t\t<\/div>\n\t\t\t\n\t\t\t<div class=\"hfe-post-content\">\n\t\t\t\t\t\t\t\t\t<h3 class=\"hfe-post-title\">\n\t\t\t\t\t\t<a href=\"https:\/\/ankaekspres.com\/en\/kobiler-icin-tersine-lojistik-ve-maliyet-avantaji\/\" rel=\"bookmark\">\n\t\t\t\t\t\t\tKOB\u0130\u2019ler \u0130\u00e7in Tersine Lojistik ve Maliyet Avantaj\u0131\t\t\t\t\t\t<\/a>\n\t\t\t\t\t<\/h3>\n\t\t\t\t\n\t\t\t\t\t\t\t\t\t<div class=\"hfe-post-meta\">\n\t\t\t\t\t\t<span class=\"hfe-post-date\">October 6, 2021<\/span><span class=\"hfe-meta-separator\"> | <\/span><span class=\"hfe-post-author\">by Anka<\/span>\t\t\t\t\t<\/div>\n\t\t\t\t\n\t\t\t\t\t\t\t\t\t<div class=\"hfe-post-excerpt\">\n\t\t\t\t\t\tLojistik, y\u0131llard\u0131r \u00fcretimden t\u00fcketime kadar uzanan bir s\u00fcre\u00e7 olarak g\u00f6r\u00fcl\u00fcyordu. Ancak g\u00fcn\u00fcm\u00fcz rekabet ko\u015fullar\u0131nda, \u00fcr\u00fcn\u00fcn sadece m\u00fc\u015fteriye ula\u015fmas\u0131 de\u011fil, m\u00fc\u015fteriden...\t\t\t\t\t<\/div>\n\t\t\t\t\n\t\t\t\t\t\t\t\t\t<a href=\"https:\/\/ankaekspres.com\/en\/kobiler-icin-tersine-lojistik-ve-maliyet-avantaji\/\" class=\"hfe-read-more\" rel=\"bookmark\">\n\t\t\t\t\t\tDevam\u0131 \u2192\t\t\t\t\t<\/a>\n\t\t\t\t\t\t\t<\/div>\n\t\t<\/article>\n\t\t\t\t<article class=\"hfe-post-card\">\n\t\t\t\t\t\t\t<div class=\"hfe-post-image\">\n\t\t\t\t\t<a href=\"https:\/\/ankaekspres.com\/en\/e-ticarette-mikro-depolama-ve-yeni-lojistik-trendleri\/\" rel=\"bookmark\">\n\t\t\t\t\t\t<img loading=\"lazy\" decoding=\"async\" width=\"257\" height=\"300\" src=\"https:\/\/ankaekspres.com\/wp-content\/uploads\/2021\/10\/eticaret-257x300.png\" class=\"attachment-medium size-medium wp-post-image\" alt=\"E-Ticarette Mikro Depolama ve Yeni Lojistik Trendleri\" srcset=\"https:\/\/ankaekspres.com\/wp-content\/uploads\/2021\/10\/eticaret-257x300.png 257w, https:\/\/ankaekspres.com\/wp-content\/uploads\/2021\/10\/eticaret.png 600w\" sizes=\"auto, (max-width: 257px) 100vw, 257px\" \/>\t\t\t\t\t<\/a>\n\t\t\t\t<\/div>\n\t\t\t\n\t\t\t<div class=\"hfe-post-content\">\n\t\t\t\t\t\t\t\t\t<h3 class=\"hfe-post-title\">\n\t\t\t\t\t\t<a href=\"https:\/\/ankaekspres.com\/en\/e-ticarette-mikro-depolama-ve-yeni-lojistik-trendleri\/\" rel=\"bookmark\">\n\t\t\t\t\t\t\tE-Ticarette Mikro Depolama ve Yeni Lojistik Trendleri\t\t\t\t\t\t<\/a>\n\t\t\t\t\t<\/h3>\n\t\t\t\t\n\t\t\t\t\t\t\t\t\t<div class=\"hfe-post-meta\">\n\t\t\t\t\t\t<span class=\"hfe-post-date\">October 6, 2021<\/span><span class=\"hfe-meta-separator\"> | <\/span><span class=\"hfe-post-author\">by Anka<\/span>\t\t\t\t\t<\/div>\n\t\t\t\t\n\t\t\t\t\t\t\t\t\t<div class=\"hfe-post-excerpt\">\n\t\t\t\t\t\tE-ticaretin h\u0131zla yayg\u0131nla\u015fmas\u0131yla birlikte t\u00fcketicilerin \u201cbir an \u00f6nce elime ula\u015fs\u0131n\u201d beklentisi lojistik s\u00fcre\u00e7lerinde devrim niteli\u011finde de\u011fi\u015fimlere yol a\u00e7t\u0131. Bu ba\u011flamda,...\t\t\t\t\t<\/div>\n\t\t\t\t\n\t\t\t\t\t\t\t\t\t<a href=\"https:\/\/ankaekspres.com\/en\/e-ticarette-mikro-depolama-ve-yeni-lojistik-trendleri\/\" class=\"hfe-read-more\" rel=\"bookmark\">\n\t\t\t\t\t\tDevam\u0131 \u2192\t\t\t\t\t<\/a>\n\t\t\t\t\t\t\t<\/div>\n\t\t<\/article>\n\t\t\t\t<article class=\"hfe-post-card\">\n\t\t\t\t\t\t\t<div class=\"hfe-post-image\">\n\t\t\t\t\t<a href=\"https:\/\/ankaekspres.com\/en\/surdurulebilir-lojistik-karbon-ayak-izini-azaltmak\/\" rel=\"bookmark\">\n\t\t\t\t\t\t<img loading=\"lazy\" decoding=\"async\" width=\"300\" height=\"179\" src=\"https:\/\/ankaekspres.com\/wp-content\/uploads\/2021\/10\/news-30-300x179.jpg\" class=\"attachment-medium size-medium wp-post-image\" alt=\"S\u00fcrd\u00fcr\u00fclebilir Lojistik: Karbon Ayak \u0130zini Azaltmak\" srcset=\"https:\/\/ankaekspres.com\/wp-content\/uploads\/2021\/10\/news-30-300x179.jpg 300w, https:\/\/ankaekspres.com\/wp-content\/uploads\/2021\/10\/news-30-600x358.jpg 600w, https:\/\/ankaekspres.com\/wp-content\/uploads\/2021\/10\/news-30-768x459.jpg 768w, https:\/\/ankaekspres.com\/wp-content\/uploads\/2021\/10\/news-30-387x231.jpg 387w, https:\/\/ankaekspres.com\/wp-content\/uploads\/2021\/10\/news-30.jpg 770w\" sizes=\"auto, (max-width: 300px) 100vw, 300px\" \/>\t\t\t\t\t<\/a>\n\t\t\t\t<\/div>\n\t\t\t\n\t\t\t<div class=\"hfe-post-content\">\n\t\t\t\t\t\t\t\t\t<h3 class=\"hfe-post-title\">\n\t\t\t\t\t\t<a href=\"https:\/\/ankaekspres.com\/en\/surdurulebilir-lojistik-karbon-ayak-izini-azaltmak\/\" rel=\"bookmark\">\n\t\t\t\t\t\t\tS\u00fcrd\u00fcr\u00fclebilir Lojistik: Karbon Ayak \u0130zini Azaltmak\t\t\t\t\t\t<\/a>\n\t\t\t\t\t<\/h3>\n\t\t\t\t\n\t\t\t\t\t\t\t\t\t<div class=\"hfe-post-meta\">\n\t\t\t\t\t\t<span class=\"hfe-post-date\">October 4, 2021<\/span><span class=\"hfe-meta-separator\"> | <\/span><span class=\"hfe-post-author\">by Anka<\/span>\t\t\t\t\t<\/div>\n\t\t\t\t\n\t\t\t\t\t\t\t\t\t<div class=\"hfe-post-excerpt\">\n\t\t\t\t\t\tK\u00fcresel ticaret b\u00fcy\u00fcrken, \u00e7evresel etkiler de ayn\u0131 h\u0131zla art\u0131yor. Lojistik sekt\u00f6r\u00fc, k\u00fcresel karbon emisyonlar\u0131n\u0131n yakla\u015f\u0131k y\u00fczde 20\u2019sinden sorumlu. Bu oran,...\t\t\t\t\t<\/div>\n\t\t\t\t\n\t\t\t\t\t\t\t\t\t<a href=\"https:\/\/ankaekspres.com\/en\/surdurulebilir-lojistik-karbon-ayak-izini-azaltmak\/\" class=\"hfe-read-more\" rel=\"bookmark\">\n\t\t\t\t\t\tDevam\u0131 \u2192\t\t\t\t\t<\/a>\n\t\t\t\t\t\t\t<\/div>\n\t\t<\/article>\n\t\t\t\t<article class=\"hfe-post-card\">\n\t\t\t\t\t\t\t<div class=\"hfe-post-image\">\n\t\t\t\t\t<a href=\"https:\/\/ankaekspres.com\/en\/havayolu-kargo-lojistiginde-maliyetleri-dusurmenin-yollari\/\" rel=\"bookmark\">\n\t\t\t\t\t\t<img loading=\"lazy\" decoding=\"async\" width=\"300\" height=\"179\" src=\"https:\/\/ankaekspres.com\/wp-content\/uploads\/2021\/10\/news-31-300x179.jpg\" class=\"attachment-medium size-medium wp-post-image\" alt=\"Havayolu Kargo Lojisti\u011finde Maliyetleri D\u00fc\u015f\u00fcrmenin Yollar\u0131\" srcset=\"https:\/\/ankaekspres.com\/wp-content\/uploads\/2021\/10\/news-31-300x179.jpg 300w, https:\/\/ankaekspres.com\/wp-content\/uploads\/2021\/10\/news-31-600x358.jpg 600w, https:\/\/ankaekspres.com\/wp-content\/uploads\/2021\/10\/news-31-768x459.jpg 768w, https:\/\/ankaekspres.com\/wp-content\/uploads\/2021\/10\/news-31-387x231.jpg 387w, https:\/\/ankaekspres.com\/wp-content\/uploads\/2021\/10\/news-31.jpg 770w\" sizes=\"auto, (max-width: 300px) 100vw, 300px\" \/>\t\t\t\t\t<\/a>\n\t\t\t\t<\/div>\n\t\t\t\n\t\t\t<div class=\"hfe-post-content\">\n\t\t\t\t\t\t\t\t\t<h3 class=\"hfe-post-title\">\n\t\t\t\t\t\t<a href=\"https:\/\/ankaekspres.com\/en\/havayolu-kargo-lojistiginde-maliyetleri-dusurmenin-yollari\/\" rel=\"bookmark\">\n\t\t\t\t\t\t\tHavayolu Kargo Lojisti\u011finde Maliyetleri D\u00fc\u015f\u00fcrmenin Yollar\u0131\t\t\t\t\t\t<\/a>\n\t\t\t\t\t<\/h3>\n\t\t\t\t\n\t\t\t\t\t\t\t\t\t<div class=\"hfe-post-meta\">\n\t\t\t\t\t\t<span class=\"hfe-post-date\">October 4, 2021<\/span><span class=\"hfe-meta-separator\"> | <\/span><span class=\"hfe-post-author\">by Anka<\/span>\t\t\t\t\t<\/div>\n\t\t\t\t\n\t\t\t\t\t\t\t\t\t<div class=\"hfe-post-excerpt\">\n\t\t\t\t\t\tK\u00fcresel tedarik zincirlerinde h\u0131z ve eri\u015filebilirlik, g\u00fcn ge\u00e7tik\u00e7e daha fazla \u00f6ne \u00e7\u0131k\u0131yor. \u00d6zellikle yurtd\u0131\u015f\u0131na h\u0131zl\u0131 g\u00f6nderim ihtiyac\u0131 duyan i\u015fletmeler i\u00e7in...\t\t\t\t\t<\/div>\n\t\t\t\t\n\t\t\t\t\t\t\t\t\t<a href=\"https:\/\/ankaekspres.com\/en\/havayolu-kargo-lojistiginde-maliyetleri-dusurmenin-yollari\/\" class=\"hfe-read-more\" rel=\"bookmark\">\n\t\t\t\t\t\tDevam\u0131 \u2192\t\t\t\t\t<\/a>\n\t\t\t\t\t\t\t<\/div>\n\t\t<\/article>\n\t\t<\/div>\n\t\t\t\t<\/div>\n\t\t\t\t<\/div>\n\t\t\t\t\t<\/div>\n\t\t\t\t<\/div>\n\t\t\t\t<\/div>","protected":false},"excerpt":{"rendered":"<p>5PL Lojistik Nedir? E-Ticaret \u00c7a\u011f\u0131nda Tedarik Zinciri Otomasyonu Kas\u0131m 23, 2025 | by Anka Lojistik d\u00fcnyas\u0131, teknolojinin ve t\u00fcketici al\u0131\u015fkanl\u0131klar\u0131n\u0131n de\u011fi\u015fmesiyle birlikte s\u00fcrekli bir evrim ge\u00e7irmektedir. E-ticaretin patlamas\u0131 ve dijitalle\u015fmenin h\u0131zlanmas\u0131yla birlikte ortaya \u00e7\u0131kan&#8230; Devam\u0131 \u2192 4PL Lojistik: Tedarik Zincirinizde Stratejik Y\u00f6netim ve Entegrasyon G\u00fcc\u00fc Kas\u0131m 22, 2025 | by Anka G\u00fcn\u00fcm\u00fcz\u00fcn karma\u015f\u0131k ticaret d\u00fcnyas\u0131nda, [&hellip;]<\/p>","protected":false},"author":1,"featured_media":0,"parent":0,"menu_order":0,"comment_status":"closed","ping_status":"closed","template":"tpl-default-elementor.php","meta":{"om_disable_all_campaigns":false,"_monsterinsights_skip_tracking":false,"_monsterinsights_sitenote_active":false,"_monsterinsights_sitenote_note":"","_monsterinsights_sitenote_category":0,"footnotes":""},"class_list":["post-689","page","type-page","status-publish","hentry"],"aioseo_notices":[],"_hostinger_reach_plugin_has_subscription_block":false,"_hostinger_reach_plugin_is_elementor":false,"_links":{"self":[{"href":"https:\/\/ankaekspres.com\/en\/wp-json\/wp\/v2\/pages\/689","targetHints":{"allow":["GET"]}}],"collection":[{"href":"https:\/\/ankaekspres.com\/en\/wp-json\/wp\/v2\/pages"}],"about":[{"href":"https:\/\/ankaekspres.com\/en\/wp-json\/wp\/v2\/types\/page"}],"author":[{"embeddable":true,"href":"https:\/\/ankaekspres.com\/en\/wp-json\/wp\/v2\/users\/1"}],"replies":[{"embeddable":true,"href":"https:\/\/ankaekspres.com\/en\/wp-json\/wp\/v2\/comments?post=689"}],"version-history":[{"count":14,"href":"https:\/\/ankaekspres.com\/en\/wp-json\/wp\/v2\/pages\/689\/revisions"}],"predecessor-version":[{"id":3047,"href":"https:\/\/ankaekspres.com\/en\/wp-json\/wp\/v2\/pages\/689\/revisions\/3047"}],"wp:attachment":[{"href":"https:\/\/ankaekspres.com\/en\/wp-json\/wp\/v2\/media?parent=689"}],"curies":[{"name":"wp","href":"https:\/\/api.w.org\/{rel}","templated":true}]}}