{"id":825,"date":"2021-10-07T05:16:13","date_gmt":"2021-10-07T05:16:13","guid":{"rendered":"https:\/\/themexriver.com\/wp\/fastrans\/?page_id=825"},"modified":"2025-12-14T08:55:31","modified_gmt":"2025-12-14T08:55:31","slug":"soguk-zincir-tasimaciligi","status":"publish","type":"page","link":"https:\/\/ankaekspres.com\/en\/soguk-zincir-tasimaciligi\/","title":{"rendered":"Cold Chain Transportation"},"content":{"rendered":"<div data-elementor-type=\"wp-page\" data-elementor-id=\"825\" class=\"elementor elementor-825\">\n\t\t\t\t\t\t<section class=\"elementor-section elementor-top-section elementor-element elementor-element-3b5e6b1 elementor-section-full_width elementor-section-height-default elementor-section-height-default\" data-id=\"3b5e6b1\" data-element_type=\"section\" data-e-type=\"section\">\n\t\t\t\t\t\t<div class=\"elementor-container elementor-column-gap-default\">\n\t\t\t\t\t<div class=\"elementor-column elementor-col-100 elementor-top-column elementor-element elementor-element-708cfd4\" data-id=\"708cfd4\" data-element_type=\"column\" data-e-type=\"column\">\n\t\t\t<div class=\"elementor-widget-wrap elementor-element-populated\">\n\t\t\t\t\t\t<div class=\"elementor-element elementor-element-8209499 elementor-widget elementor-widget-fastrans_service_details\" data-id=\"8209499\" data-element_type=\"widget\" data-e-type=\"widget\" data-widget_type=\"fastrans_service_details.default\">\n\t\t\t\t<div class=\"elementor-widget-container\">\n\t\t\t\t\t\t\n    <!-- Start of Service details section\n\t============================================= -->\n\t<section id=\"ft-service-details\" class=\"ft-service-details-section page-padding\">\n\t\t<div class=\"container\">\n\t\t\t<div class=\"ft-service-details-content\">\n\t\t\t\t<div class=\"row\">\n\t\t\t\t\t                    <div class=\"col-lg-12\">\n\t\t\t\t\t\t<div class=\"ft-service-details-content-wrapper headline pera-content\">\n\t\t\t\t\t\t\t<div class=\"ft-service-details-img-wrapper\">\n\t\t\t\t\t\t\t\t<div class=\"row\">\n\t\t\t\t\t\t\t\t\t                                    <div class=\"col-md-6\">\n\t\t\t\t\t\t\t\t\t\t<div class=\"ft-service-details-img\">\n\t\t\t\t\t\t\t\t\t\t\t<img decoding=\"async\" src=\"https:\/\/ankaekspres.com\/wp-content\/uploads\/2025\/11\/soguk-hava-tasimacilik.png\" alt=\"Awesome Image\">\n\t\t\t\t\t\t\t\t\t\t<\/div>\n\t\t\t\t\t\t\t\t\t<\/div>\n                                                                        \t\t\t\t\t\t\t\t\t<div class=\"col-md-6\">\n\t\t\t\t\t\t\t\t\t\t                                        <div class=\"ft-service-details-img\">\n\t\t\t\t\t\t\t\t\t\t\t<img decoding=\"async\" src=\"https:\/\/ankaekspres.com\/wp-content\/uploads\/2025\/11\/slideranka-1.png\" alt=\"Awesome Image\">\n\t\t\t\t\t\t\t\t\t\t<\/div>\n                                                                                \t\t\t\t\t\t\t\t\t\t<div class=\"ft-service-details-img\">\n\t\t\t\t\t\t\t\t\t\t\t<img decoding=\"async\" src=\"https:\/\/ankaekspres.com\/wp-content\/uploads\/2025\/11\/a-professional-architectural-photograph-_rVyee8cHSE-13t9OR8QhpQ_by32tgGqStWh-O19lmrADA.jpeg\" alt=\"Awesome Image\">\n\t\t\t\t\t\t\t\t\t\t<\/div>\n                                        \t\t\t\t\t\t\t\t\t<\/div>\n                                    \t\t\t\t\t\t\t\t<\/div>\n\t\t\t\t\t\t\t<\/div>\n\t\t\t\t\t\t\t<div class=\"ft-service-details-text-wrapper\">\n\t\t\t\t\t\t\t\t<h3>Cold Chain Transportation<\/h3> \t\t\t\t\t\t\t\t\n\t\t\t\t\t\t\t\t<p>So\u011fuk zincir ta\u015f\u0131mac\u0131l\u0131\u011f\u0131, s\u0131cakl\u0131k kontrol\u00fc gerektiren g\u0131da, ila\u00e7, medikal ve biyoteknolojik \u00fcr\u00fcnlerin g\u00fcvenle ta\u015f\u0131nmas\u0131n\u0131 sa\u011flayan \u00f6zel bir lojistik s\u00fcrecidir. Bu s\u00fcre\u00e7te \u00fcr\u00fcnlerin kalitesi, g\u00fcvenli\u011fi ve raf \u00f6mr\u00fc korunarak tedarik zincirinin her a\u015famas\u0131nda s\u00fcrekli s\u0131cakl\u0131k takibi yap\u0131l\u0131r. Firmam\u0131z, modern frigorifik ara\u00e7 filosu ve \u0131s\u0131 izleme sistemleri ile \u00fcr\u00fcnlerinizi -25\u00b0C ile +25\u00b0C aral\u0131\u011f\u0131nda g\u00fcvenle ta\u015f\u0131r.<\/p> \n<p>Geli\u015fmi\u015f so\u011fuk zincir lojistik altyap\u0131m\u0131z, hem \u015fehir i\u00e7i hem de uluslararas\u0131 ta\u015f\u0131mac\u0131l\u0131k operasyonlar\u0131nda kesintisiz kontrol sa\u011flar. Her ta\u015f\u0131ma s\u00fcrecinde s\u0131cakl\u0131k sens\u00f6rleri, GPS tabanl\u0131 konum izleme, ve veri kay\u0131t sistemleri sayesinde \u00fcr\u00fcnlerinizin b\u00fct\u00fcnl\u00fc\u011f\u00fc korunur. \u00d6zellikle ila\u00e7 ta\u015f\u0131mac\u0131l\u0131\u011f\u0131 ve g\u0131da ta\u015f\u0131mac\u0131l\u0131\u011f\u0131 gibi y\u00fcksek hassasiyet gerektiren sekt\u00f6rlerde, y\u00f6netmeliklere tam uyumla \u00e7al\u0131\u015f\u0131yoruz.<\/p>\n<p>So\u011fuk zincir nakliye hizmetimizle, markalar\u0131n \u00fcr\u00fcnlerini en g\u00fcvenli \u015fekilde son noktaya ula\u015ft\u0131rmas\u0131n\u0131 sa\u011fl\u0131yoruz. ISO 9001 ve GDP standartlar\u0131na uygun \u015fekilde y\u00f6netilen operasyonlar\u0131m\u0131zda, so\u011fuk zincir ta\u015f\u0131mac\u0131l\u0131\u011f\u0131 fiyatlar\u0131 konusunda rekabet\u00e7i \u00e7\u00f6z\u00fcmler sunuyoruz. \u00dcr\u00fcnlerinizi g\u00fcvenle teslim etmek, tedarik zincirinde fark yaratmak ve m\u00fc\u015fterilerinize en y\u00fcksek kaliteyi sunmak i\u00e7in bizimle ileti\u015fime ge\u00e7in.<\/p>\t\t\t\t\t\t\t\t\n\t\t\t\t\t\t\t\t                                <div class=\"ft-service-details-counter-wrapper\">\n\t\t\t\t\t\t\t\t\t<div class=\"row\">\n\t\t\t\t\t\t\t\t\t\t                                        <div class=\"col-md-6\">\n\t\t\t\t\t\t\t\t\t\t\t<div class=\"ft-service-details-counter-item d-flex align-items-center headline pera-content\">\n\t\t\t\t\t\t\t\t\t\t\t\t<div class=\"ft-service-details-count-icon\">\n\t\t\t\t\t\t\t\t\t\t\t\t\t<i class=\"flaticon-worldwide\"><\/i>\n\t\t\t\t\t\t\t\t\t\t\t\t<\/div>\n\t\t\t\t\t\t\t\t\t\t\t\t<div class=\"ft-service-details-count-text\">\n\t\t\t\t\t\t\t\t\t\t\t\t\t<h4 class=\"title text-uppercase\">M\u00fc\u015fteri Say\u0131s\u0131<\/h4>\n\t\t\t\t\t\t\t\t\t\t\t\t\t<h4 class=\"count-number\"><span class=\"count\">158<\/span>+<\/h4>\n\t\t\t\t\t\t\t\t\t\t\t\t\t<p><\/p>\n\t\t\t\t\t\t\t\t\t\t\t\t<\/div>\n\t\t\t\t\t\t\t\t\t\t\t<\/div>\n\t\t\t\t\t\t\t\t\t\t<\/div>\n                                                                                <div class=\"col-md-6\">\n\t\t\t\t\t\t\t\t\t\t\t<div class=\"ft-service-details-counter-item d-flex align-items-center headline pera-content\">\n\t\t\t\t\t\t\t\t\t\t\t\t<div class=\"ft-service-details-count-icon\">\n\t\t\t\t\t\t\t\t\t\t\t\t\t<i class=\"flaticon-logistics\"><\/i>\n\t\t\t\t\t\t\t\t\t\t\t\t<\/div>\n\t\t\t\t\t\t\t\t\t\t\t\t<div class=\"ft-service-details-count-text\">\n\t\t\t\t\t\t\t\t\t\t\t\t\t<h4 class=\"title text-uppercase\">Ba\u015far\u0131l\u0131 Proje<\/h4>\n\t\t\t\t\t\t\t\t\t\t\t\t\t<h4 class=\"count-number\"><span class=\"count\">2000<\/span>+<\/h4>\n\t\t\t\t\t\t\t\t\t\t\t\t\t<p><\/p>\n\t\t\t\t\t\t\t\t\t\t\t\t<\/div>\n\t\t\t\t\t\t\t\t\t\t\t<\/div>\n\t\t\t\t\t\t\t\t\t\t<\/div>\n                                        \t\t\t\t\t\t\t\t\t<\/div>\n\t\t\t\t\t\t\t\t<\/div>\n\t\t\t\t\t\t\t\t\t\t\t\t\t\t\t\t                                <h3>So\u011fuk Ta\u015f\u0131mac\u0131l\u0131kta G\u00fcvenli ve Kesintisiz Lojistik \u00c7\u00f6z\u00fcmler<\/h3>\n                                                                                                <p>So\u011fuk ta\u015f\u0131mac\u0131l\u0131k, s\u0131cakl\u0131k kontrol\u00fc gerektiren g\u0131da, ila\u00e7 ve medikal \u00fcr\u00fcnlerin tazeli\u011fini koruyarak g\u00fcvenle ta\u015f\u0131nmas\u0131n\u0131 sa\u011flar. Modern frigorifik ara\u00e7lar\u0131m\u0131z ve anl\u0131k s\u0131cakl\u0131k izleme sistemlerimizle, \u00fcr\u00fcnlerinizin her a\u015famada kalitesini koruyoruz. G\u00fcvenli, h\u0131zl\u0131 ve izlenebilir so\u011fuk ta\u015f\u0131mac\u0131l\u0131k hizmeti i\u00e7in bize ula\u015f\u0131n. <\/p>\n\t\t\t\t\t\t\t\t\t\t\t\t\t\t\t\t    \t\n\t\t\t\t\t\t\t<\/div>\n\t\t\t\t\t\t<\/div>\n\t\t\t\t\t<\/div>\n\t\t\t\t<\/div>\n\t\t\t<\/div>\n\t\t<\/div>\n\t<\/section>\t\n\t<!-- End of Service details section\n\t============================================= -->\n    \n    \t\t\t\t<\/div>\n\t\t\t\t<\/div>\n\t\t\t\t\t<\/div>\n\t\t<\/div>\n\t\t\t\t\t<\/div>\n\t\t<\/section>\n\t\t\t\t<\/div>","protected":false},"excerpt":{"rendered":"<p>So\u011fuk Zincir Ta\u015f\u0131mac\u0131l\u0131\u011f\u0131 So\u011fuk zincir ta\u015f\u0131mac\u0131l\u0131\u011f\u0131, s\u0131cakl\u0131k kontrol\u00fc gerektiren g\u0131da, ila\u00e7, medikal ve biyoteknolojik \u00fcr\u00fcnlerin g\u00fcvenle ta\u015f\u0131nmas\u0131n\u0131 sa\u011flayan \u00f6zel bir lojistik s\u00fcrecidir. Bu s\u00fcre\u00e7te \u00fcr\u00fcnlerin kalitesi, g\u00fcvenli\u011fi ve raf \u00f6mr\u00fc korunarak tedarik zincirinin her a\u015famas\u0131nda s\u00fcrekli s\u0131cakl\u0131k takibi yap\u0131l\u0131r. Firmam\u0131z, modern frigorifik ara\u00e7 filosu ve \u0131s\u0131 izleme sistemleri ile \u00fcr\u00fcnlerinizi -25\u00b0C ile +25\u00b0C aral\u0131\u011f\u0131nda g\u00fcvenle [&hellip;]<\/p>","protected":false},"author":1,"featured_media":0,"parent":0,"menu_order":0,"comment_status":"closed","ping_status":"closed","template":"tpl-default-elementor.php","meta":{"om_disable_all_campaigns":false,"_monsterinsights_skip_tracking":false,"_monsterinsights_sitenote_active":false,"_monsterinsights_sitenote_note":"","_monsterinsights_sitenote_category":0,"footnotes":""},"class_list":["post-825","page","type-page","status-publish","hentry"],"aioseo_notices":[],"_hostinger_reach_plugin_has_subscription_block":false,"_hostinger_reach_plugin_is_elementor":false,"_links":{"self":[{"href":"https:\/\/ankaekspres.com\/en\/wp-json\/wp\/v2\/pages\/825","targetHints":{"allow":["GET"]}}],"collection":[{"href":"https:\/\/ankaekspres.com\/en\/wp-json\/wp\/v2\/pages"}],"about":[{"href":"https:\/\/ankaekspres.com\/en\/wp-json\/wp\/v2\/types\/page"}],"author":[{"embeddable":true,"href":"https:\/\/ankaekspres.com\/en\/wp-json\/wp\/v2\/users\/1"}],"replies":[{"embeddable":true,"href":"https:\/\/ankaekspres.com\/en\/wp-json\/wp\/v2\/comments?post=825"}],"version-history":[{"count":12,"href":"https:\/\/ankaekspres.com\/en\/wp-json\/wp\/v2\/pages\/825\/revisions"}],"predecessor-version":[{"id":3114,"href":"https:\/\/ankaekspres.com\/en\/wp-json\/wp\/v2\/pages\/825\/revisions\/3114"}],"wp:attachment":[{"href":"https:\/\/ankaekspres.com\/en\/wp-json\/wp\/v2\/media?parent=825"}],"curies":[{"name":"wp","href":"https:\/\/api.w.org\/{rel}","templated":true}]}}