{"id":848,"date":"2021-10-07T05:18:52","date_gmt":"2021-10-07T05:18:52","guid":{"rendered":"https:\/\/themexriver.com\/wp\/fastrans\/?page_id=848"},"modified":"2025-12-14T08:55:38","modified_gmt":"2025-12-14T08:55:38","slug":"yurtdisi-tasimacilik","status":"publish","type":"page","link":"https:\/\/ankaekspres.com\/en\/yurtdisi-tasimacilik\/","title":{"rendered":"Yurtd\u0131\u015f\u0131 Ta\u015f\u0131mac\u0131l\u0131k"},"content":{"rendered":"<div data-elementor-type=\"wp-page\" data-elementor-id=\"848\" class=\"elementor elementor-848\">\n\t\t\t\t\t\t<section class=\"elementor-section elementor-top-section elementor-element elementor-element-d6823da elementor-section-full_width elementor-section-height-default elementor-section-height-default\" data-id=\"d6823da\" data-element_type=\"section\" data-e-type=\"section\">\n\t\t\t\t\t\t<div class=\"elementor-container elementor-column-gap-default\">\n\t\t\t\t\t<div class=\"elementor-column elementor-col-100 elementor-top-column elementor-element elementor-element-f1b57c4\" data-id=\"f1b57c4\" data-element_type=\"column\" data-e-type=\"column\">\n\t\t\t<div class=\"elementor-widget-wrap elementor-element-populated\">\n\t\t\t\t\t\t<div class=\"elementor-element elementor-element-9ff8697 elementor-widget elementor-widget-fastrans_service_details\" data-id=\"9ff8697\" data-element_type=\"widget\" data-e-type=\"widget\" data-widget_type=\"fastrans_service_details.default\">\n\t\t\t\t<div class=\"elementor-widget-container\">\n\t\t\t\t\t\t\n    <!-- Start of Service details section\n\t============================================= -->\n\t<section id=\"ft-service-details\" class=\"ft-service-details-section page-padding\">\n\t\t<div class=\"container\">\n\t\t\t<div class=\"ft-service-details-content\">\n\t\t\t\t<div class=\"row\">\n\t\t\t\t\t                    <div class=\"col-lg-12\">\n\t\t\t\t\t\t<div class=\"ft-service-details-content-wrapper headline pera-content\">\n\t\t\t\t\t\t\t<div class=\"ft-service-details-img-wrapper\">\n\t\t\t\t\t\t\t\t<div class=\"row\">\n\t\t\t\t\t\t\t\t\t                                    <div class=\"col-md-6\">\n\t\t\t\t\t\t\t\t\t\t<div class=\"ft-service-details-img\">\n\t\t\t\t\t\t\t\t\t\t\t<img decoding=\"async\" src=\"https:\/\/ankaekspres.com\/wp-content\/uploads\/2021\/10\/yurtdisi-tasimacilik-1.png\" alt=\"Awesome Image\">\n\t\t\t\t\t\t\t\t\t\t<\/div>\n\t\t\t\t\t\t\t\t\t<\/div>\n                                                                        \t\t\t\t\t\t\t\t\t<div class=\"col-md-6\">\n\t\t\t\t\t\t\t\t\t\t                                        <div class=\"ft-service-details-img\">\n\t\t\t\t\t\t\t\t\t\t\t<img decoding=\"async\" src=\"https:\/\/ankaekspres.com\/wp-content\/uploads\/2025\/11\/sliderkamyon.png\" alt=\"Awesome Image\">\n\t\t\t\t\t\t\t\t\t\t<\/div>\n                                                                                \t\t\t\t\t\t\t\t\t\t<div class=\"ft-service-details-img\">\n\t\t\t\t\t\t\t\t\t\t\t<img decoding=\"async\" src=\"https:\/\/ankaekspres.com\/wp-content\/uploads\/2025\/11\/yurtdisitasimacilik.png\" alt=\"Awesome Image\">\n\t\t\t\t\t\t\t\t\t\t<\/div>\n                                        \t\t\t\t\t\t\t\t\t<\/div>\n                                    \t\t\t\t\t\t\t\t<\/div>\n\t\t\t\t\t\t\t<\/div>\n\t\t\t\t\t\t\t<div class=\"ft-service-details-text-wrapper\">\n\t\t\t\t\t\t\t\t<h3>Yurtd\u0131\u015f\u0131 Ta\u015f\u0131mac\u0131l\u0131k<\/h3> \t\t\t\t\t\t\t\t\n\t\t\t\t\t\t\t\t<p>Avrupa, Asya ve Orta Do\u011fu \u00fclkelerine g\u00fcvenli, h\u0131zl\u0131 ve profesyonel yurtd\u0131\u015f\u0131 ta\u015f\u0131mac\u0131l\u0131k hizmetleri sunarak, uluslararas\u0131 ticaret yapan i\u015fletmelerin en g\u00fc\u00e7l\u00fc lojistik \u00e7\u00f6z\u00fcm orta\u011f\u0131d\u0131r. T\u00fcrkiye\u2019nin en \u00f6nemli sanayi b\u00f6lgelerinden biri olan Gebze\u2019de yer alan merkezimiz, stratejik konumu sayesinde hem kara hem deniz hem de hava ta\u015f\u0131mac\u0131l\u0131\u011f\u0131 i\u00e7in m\u00fckemmel bir \u00e7\u0131k\u0131\u015f noktas\u0131 olu\u015fturur. Modern ara\u00e7 filomuz, deneyimli s\u00fcr\u00fcc\u00fc kadromuz ve g\u00fc\u00e7l\u00fc acente a\u011f\u0131m\u0131zla Avrupa \u00fclkelerine \u2014 \u00f6zellikle Almanya, Fransa, Hollanda, Bel\u00e7ika, Bulgaristan, Romanya, Macaristan ve \u0130talya ba\u015fta olmak \u00fczere \u2014 d\u00fczenli seferler ger\u00e7ekle\u015ftiriyoruz.<\/p> \n<p>Ayn\u0131 zamanda Orta Do\u011fu hatt\u0131nda Irak, \u0130ran, Azerbaycan, G\u00fcrcistan ve Suudi Arabistan gibi \u00fclkelere de kesintisiz nakliye hizmeti veriyoruz. Firmam\u0131z, karayolu ta\u015f\u0131mac\u0131l\u0131\u011f\u0131, denizyolu konteyner ta\u015f\u0131mac\u0131l\u0131\u011f\u0131, havayolu ekspres kargo ve intermodal lojistik \u00e7\u00f6z\u00fcmleriyle m\u00fc\u015fterilerine esnek alternatifler sunar. T\u00fcm ta\u015f\u0131ma operasyonlar\u0131, uluslararas\u0131 ta\u015f\u0131mac\u0131l\u0131k standartlar\u0131na uygun \u015fekilde planlan\u0131r, g\u00fcmr\u00fck i\u015flemleri profesyonel ekibimiz taraf\u0131ndan y\u00f6netilir ve sevkiyat s\u00fcreci ba\u015ftan sona takip edilir. \u00dcr\u00fcn g\u00fcvenli\u011fi, zaman\u0131nda teslimat ve uygun maliyet politikas\u0131 firmam\u0131z\u0131n temel ilkelerindendir. Ayr\u0131ca t\u00fcm ta\u015f\u0131malar sigorta kapsam\u0131nda ger\u00e7ekle\u015ftirilir; b\u00f6ylece m\u00fc\u015fterilerimiz \u00fcr\u00fcnlerinin g\u00fcvenle ta\u015f\u0131nd\u0131\u011f\u0131ndan emin olur. Gebze ve Kocaeli b\u00f6lgelerinde \u00fcretim yapan sanayi firmalar\u0131 i\u00e7in \u00f6zelle\u015ftirilmi\u015f ihracat lojisti\u011fi \u00e7\u00f6z\u00fcmleri geli\u015ftiriyor, \u00fcretimden teslimata kadar s\u00fcrecin her ad\u0131m\u0131nda destek sa\u011fl\u0131yoruz.<\/p>\n<p>Geli\u015fmi\u015f dijital takip sistemlerimiz sayesinde y\u00fcklerinizin anl\u0131k durumunu izleyebilir, teslimat raporlar\u0131na \u00e7evrimi\u00e7i olarak ula\u015fabilirsiniz. Uluslararas\u0131 ta\u015f\u0131mac\u0131l\u0131kta g\u00fcven, h\u0131z ve profesyonellik arayan i\u015fletmeler i\u00e7in firmam\u0131z, \u0130stanbul merkezli g\u00fc\u00e7l\u00fc lojistik altyap\u0131s\u0131 ile daima \u00e7\u00f6z\u00fcm odakl\u0131 hizmet sunar.<\/p>\t\t\t\t\t\t\t\t\n\t\t\t\t\t\t\t\t                                <div class=\"ft-service-details-counter-wrapper\">\n\t\t\t\t\t\t\t\t\t<div class=\"row\">\n\t\t\t\t\t\t\t\t\t\t                                        <div class=\"col-md-6\">\n\t\t\t\t\t\t\t\t\t\t\t<div class=\"ft-service-details-counter-item d-flex align-items-center headline pera-content\">\n\t\t\t\t\t\t\t\t\t\t\t\t<div class=\"ft-service-details-count-icon\">\n\t\t\t\t\t\t\t\t\t\t\t\t\t<i class=\"flaticon-worldwide\"><\/i>\n\t\t\t\t\t\t\t\t\t\t\t\t<\/div>\n\t\t\t\t\t\t\t\t\t\t\t\t<div class=\"ft-service-details-count-text\">\n\t\t\t\t\t\t\t\t\t\t\t\t\t<h4 class=\"title text-uppercase\">m\u00fc\u015fteri say\u0131s\u0131<\/h4>\n\t\t\t\t\t\t\t\t\t\t\t\t\t<h4 class=\"count-number\"><span class=\"count\">158<\/span>+<\/h4>\n\t\t\t\t\t\t\t\t\t\t\t\t\t<p><\/p>\n\t\t\t\t\t\t\t\t\t\t\t\t<\/div>\n\t\t\t\t\t\t\t\t\t\t\t<\/div>\n\t\t\t\t\t\t\t\t\t\t<\/div>\n                                                                                <div class=\"col-md-6\">\n\t\t\t\t\t\t\t\t\t\t\t<div class=\"ft-service-details-counter-item d-flex align-items-center headline pera-content\">\n\t\t\t\t\t\t\t\t\t\t\t\t<div class=\"ft-service-details-count-icon\">\n\t\t\t\t\t\t\t\t\t\t\t\t\t<i class=\"flaticon-logistics\"><\/i>\n\t\t\t\t\t\t\t\t\t\t\t\t<\/div>\n\t\t\t\t\t\t\t\t\t\t\t\t<div class=\"ft-service-details-count-text\">\n\t\t\t\t\t\t\t\t\t\t\t\t\t<h4 class=\"title text-uppercase\">ba\u015far\u0131l\u0131 proje<\/h4>\n\t\t\t\t\t\t\t\t\t\t\t\t\t<h4 class=\"count-number\"><span class=\"count\">2000<\/span>+<\/h4>\n\t\t\t\t\t\t\t\t\t\t\t\t\t<p><\/p>\n\t\t\t\t\t\t\t\t\t\t\t\t<\/div>\n\t\t\t\t\t\t\t\t\t\t\t<\/div>\n\t\t\t\t\t\t\t\t\t\t<\/div>\n                                        \t\t\t\t\t\t\t\t\t<\/div>\n\t\t\t\t\t\t\t\t<\/div>\n\t\t\t\t\t\t\t\t\t\t\t\t\t\t\t\t                                <h3>S\u00fcrd\u00fcr\u00fclebilir ve Ekonomik Ta\u015f\u0131mac\u0131l\u0131k Yakla\u015f\u0131m\u0131<\/h3>\n                                                                                                <p>Geli\u015fen \u00e7evre bilinci do\u011frultusunda firmam\u0131z, yak\u0131t verimli ara\u00e7lar ve rota optimizasyon sistemleri kullanarak karbon sal\u0131n\u0131m\u0131n\u0131 minimuma indirir.\nBu yakla\u015f\u0131m, hem \u00e7evreye duyarl\u0131l\u0131\u011f\u0131 art\u0131r\u0131r hem de ta\u015f\u0131mac\u0131l\u0131k maliyetlerinde avantaj sa\u011flar. <\/p>\n\t\t\t\t\t\t\t\t\t\t\t\t\t\t\t\t    \t\n\t\t\t\t\t\t\t<\/div>\n\t\t\t\t\t\t<\/div>\n\t\t\t\t\t<\/div>\n\t\t\t\t<\/div>\n\t\t\t<\/div>\n\t\t<\/div>\n\t<\/section>\t\n\t<!-- End of Service details section\n\t============================================= -->\n    \n    \t\t\t\t<\/div>\n\t\t\t\t<\/div>\n\t\t\t\t\t<\/div>\n\t\t<\/div>\n\t\t\t\t\t<\/div>\n\t\t<\/section>\n\t\t\t\t<\/div>","protected":false},"excerpt":{"rendered":"<p>Yurtd\u0131\u015f\u0131 Ta\u015f\u0131mac\u0131l\u0131k Avrupa, Asya ve Orta Do\u011fu \u00fclkelerine g\u00fcvenli, h\u0131zl\u0131 ve profesyonel yurtd\u0131\u015f\u0131 ta\u015f\u0131mac\u0131l\u0131k hizmetleri sunarak, uluslararas\u0131 ticaret yapan i\u015fletmelerin en g\u00fc\u00e7l\u00fc lojistik \u00e7\u00f6z\u00fcm orta\u011f\u0131d\u0131r. T\u00fcrkiye\u2019nin en \u00f6nemli sanayi b\u00f6lgelerinden biri olan Gebze\u2019de yer alan merkezimiz, stratejik konumu sayesinde hem kara hem deniz hem de hava ta\u015f\u0131mac\u0131l\u0131\u011f\u0131 i\u00e7in m\u00fckemmel bir \u00e7\u0131k\u0131\u015f noktas\u0131 olu\u015fturur. Modern ara\u00e7 [&hellip;]<\/p>","protected":false},"author":1,"featured_media":0,"parent":0,"menu_order":0,"comment_status":"closed","ping_status":"closed","template":"tpl-default-elementor.php","meta":{"om_disable_all_campaigns":false,"_monsterinsights_skip_tracking":false,"_monsterinsights_sitenote_active":false,"_monsterinsights_sitenote_note":"","_monsterinsights_sitenote_category":0,"footnotes":""},"class_list":["post-848","page","type-page","status-publish","hentry"],"aioseo_notices":[],"_hostinger_reach_plugin_has_subscription_block":false,"_hostinger_reach_plugin_is_elementor":false,"_links":{"self":[{"href":"https:\/\/ankaekspres.com\/en\/wp-json\/wp\/v2\/pages\/848","targetHints":{"allow":["GET"]}}],"collection":[{"href":"https:\/\/ankaekspres.com\/en\/wp-json\/wp\/v2\/pages"}],"about":[{"href":"https:\/\/ankaekspres.com\/en\/wp-json\/wp\/v2\/types\/page"}],"author":[{"embeddable":true,"href":"https:\/\/ankaekspres.com\/en\/wp-json\/wp\/v2\/users\/1"}],"replies":[{"embeddable":true,"href":"https:\/\/ankaekspres.com\/en\/wp-json\/wp\/v2\/comments?post=848"}],"version-history":[{"count":11,"href":"https:\/\/ankaekspres.com\/en\/wp-json\/wp\/v2\/pages\/848\/revisions"}],"predecessor-version":[{"id":3117,"href":"https:\/\/ankaekspres.com\/en\/wp-json\/wp\/v2\/pages\/848\/revisions\/3117"}],"wp:attachment":[{"href":"https:\/\/ankaekspres.com\/en\/wp-json\/wp\/v2\/media?parent=848"}],"curies":[{"name":"wp","href":"https:\/\/api.w.org\/{rel}","templated":true}]}}